{"id":68761,"date":"2024-04-21T08:07:06","date_gmt":"2024-04-21T06:07:06","guid":{"rendered":"https:\/\/vigilant-almeida.54-38-5-165.plesk.page\/?page_id=68761"},"modified":"2024-04-30T19:42:09","modified_gmt":"2024-04-30T17:42:09","slug":"ergonomischer-leitfaden","status":"publish","type":"page","link":"https:\/\/activebase.store\/de\/guide-ergonomique\/","title":{"rendered":"Ergonomischer Leitfaden"},"content":{"rendered":"<!--themify_builder_content-->\n<div id=\"themify_builder_content-68761\" data-postid=\"68761\" class=\"themify_builder_content themify_builder_content-68761 themify_builder tf_clear\">\n                    <div  data-css_id=\"f719381\" data-lazy=\"1\" class=\"module_row themify_builder_row fullwidth_row_container tb_f719381 tb_first tf_w\">\n                        <div class=\"row_inner col_align_top tb_col_count_1 tf_box tf_rel\">\n                        <div  data-lazy=\"1\" class=\"module_column tb-column col-full tb_7ysr382 first\">\n                    <!-- module text -->\n<div  class=\"module module-text tb_kcm2980    wow\" data-tf-animation=\"fadeInDown\" data-tf-animation_delay=\"0.5\" data-lazy=\"1\">\n        <div  class=\"tb_text_wrap\">\n        <h1>Notre guide ergonomie<\/h1>    <\/div>\n<\/div>\n<!-- \/module text -->        <\/div>\n                        <\/div>\n        <\/div>\n                        <div  data-lazy=\"1\" class=\"module_row themify_builder_row tb_968a439 tf_w\">\n                        <div class=\"row_inner col_align_top tb_col_count_1 tf_box tf_rel\">\n                        <div  data-lazy=\"1\" class=\"module_column tb-column col-full tb_l8pq440 first\">\n                    <!-- module post -->\n<div  class=\"module module-post tb_3ko4671  hide-tablet hide-mobile\">\n    <div  class=\"builder-posts-wrap loops-wrapper list-thumb-image tf_clear tf_clearfix\" data-lazy=\"1\">\n    <article id=\"post-64879\" class=\"post tf_clearfix post-64879 type-post status-publish format-standard hentry category-guide-ergonomique has-post-title no-post-date has-post-category has-post-tag has-post-comment has-post-author \">\n\t    \n\t\t<div class=\"post-content\">\n\t\t<div class=\"post-content-inner\">\n\n\t\t\t\n\t\t\t<h2 class=\"post-title entry-title\"><a href=\"https:\/\/activebase.store\/de\/10-raisons-dacheter-un-tabouret-ergonomique\/\">10 raisons d&rsquo;acheter un tabouret ergonomique<\/a><\/h2>\n\t\t\t\n\t\t\t\n\t\t\t        <div class=\"entry-content\">\n\n        \n            <p>Un tabouret ergonomique, mais pourquoi faire&nbsp;? Tr\u00e8s bonne question&nbsp;! A quoi peut bien servir un tabouret ergonomique quand on voit toutes les possibilit\u00e9s existantes en termes d\u2019assises ergonomiques. La diversit\u00e9 de fauteuils ergonomiques et chaises de bureau ergonomiques vous offrent une s\u00e9lection in\u00e9dite de produits similaires. Cependant, le tabouret ergonomique, et en particulier l\u2019ActiveBase, repr\u00e9sente une offre unique sur le [&hellip;]<\/p>\n\n                \n            \n        <\/div><!-- \/.entry-content -->\n        \n\t\t<\/div>\n\t\t<!-- \/.post-content-inner -->\n\t<\/div>\n\t<!-- \/.post-content -->\n\t\n<\/article>\n<!-- \/.post -->\n<article id=\"post-62736\" class=\"post tf_clearfix post-62736 type-post status-publish format-standard has-post-thumbnail hentry category-guide-ergonomique has-post-title no-post-date has-post-category has-post-tag has-post-comment has-post-author \">\n\t    \n\t                <figure class=\"post-image tf_clearfix\">\n                                                            <a href=\"https:\/\/activebase.store\/de\/4-raisons-de-choisir-un-tabouret-de-bureau-ergonomique\/\">\n                                        <img loading=\"lazy\" decoding=\"async\" width=\"1124\" height=\"632\" src=\"https:\/\/activebase.store\/wp-content\/uploads\/2021\/10\/mal-dos-article-1.jpg\" class=\"wp-post-image wp-image-70892\" title=\"mal-dos-article-1\" alt=\"mal-dos-article-1\" srcset=\"https:\/\/activebase.store\/wp-content\/uploads\/2021\/10\/mal-dos-article-1.jpg 1124w, https:\/\/activebase.store\/wp-content\/uploads\/2021\/10\/mal-dos-article-1-300x169.jpg 300w, https:\/\/activebase.store\/wp-content\/uploads\/2021\/10\/mal-dos-article-1-1024x576.jpg 1024w, https:\/\/activebase.store\/wp-content\/uploads\/2021\/10\/mal-dos-article-1-768x432.jpg 768w, https:\/\/activebase.store\/wp-content\/uploads\/2021\/10\/mal-dos-article-1-18x10.jpg 18w, https:\/\/activebase.store\/wp-content\/uploads\/2021\/10\/mal-dos-article-1-600x337.jpg 600w\" sizes=\"auto, (max-width: 1124px) 100vw, 1124px\" \/>                                                                    <\/a>\n                                                                <\/figure>\n                    \t<div class=\"post-content\">\n\t\t<div class=\"post-content-inner\">\n\n\t\t\t\n\t\t\t<h2 class=\"post-title entry-title\"><a href=\"https:\/\/activebase.store\/de\/4-raisons-de-choisir-un-tabouret-de-bureau-ergonomique\/\">Pourquoi choisir un tabouret de bureau ergonomique&nbsp;?<\/a><\/h2>\n\t\t\t\n\t\t\t\n\t\t\t        <div class=\"entry-content\">\n\n        \n            <p>Le t\u00e9l\u00e9travail a permis une \u00e9volution de nos habitudes de travail. Avec la cr\u00e9ation de postes en full-remote et l&rsquo;engouement de plus en plus fort pour les chaises de bureau ergonomiques, le monde du travail a bien \u00e9volu\u00e9. Le constat est simple, de plus en plus de salari\u00e9s r\u00e9alisent que si leurs conditions de travail ne sont pas optimales, cela [&hellip;]<\/p>\n\n                \n            \n        <\/div><!-- \/.entry-content -->\n        \n\t\t<\/div>\n\t\t<!-- \/.post-content-inner -->\n\t<\/div>\n\t<!-- \/.post-content -->\n\t\n<\/article>\n<!-- \/.post -->\n<article id=\"post-60899\" class=\"post tf_clearfix post-60899 type-post status-publish format-standard has-post-thumbnail hentry category-guide-ergonomique has-post-title no-post-date has-post-category has-post-tag has-post-comment has-post-author \">\n\t    \n\t                <figure class=\"post-image tf_clearfix\">\n                                                            <a href=\"https:\/\/activebase.store\/de\/comment-prevenir-des-tms-au-bureau\/\">\n                                        <img loading=\"lazy\" decoding=\"async\" width=\"2000\" height=\"1231\" src=\"https:\/\/activebase.store\/wp-content\/uploads\/2021\/09\/RS1448_IMG_0842-lpr.jpg\" class=\"wp-post-image wp-image-69634\" title=\"RS1448_IMG_0842-lpr\" alt=\"RS1448_IMG_0842-lpr\" srcset=\"https:\/\/activebase.store\/wp-content\/uploads\/2021\/09\/RS1448_IMG_0842-lpr.jpg 2000w, https:\/\/activebase.store\/wp-content\/uploads\/2021\/09\/RS1448_IMG_0842-lpr-300x185.jpg 300w, https:\/\/activebase.store\/wp-content\/uploads\/2021\/09\/RS1448_IMG_0842-lpr-600x369.jpg 600w, https:\/\/activebase.store\/wp-content\/uploads\/2021\/09\/RS1448_IMG_0842-lpr-1024x630.jpg 1024w, https:\/\/activebase.store\/wp-content\/uploads\/2021\/09\/RS1448_IMG_0842-lpr-768x473.jpg 768w, https:\/\/activebase.store\/wp-content\/uploads\/2021\/09\/RS1448_IMG_0842-lpr-1536x945.jpg 1536w\" sizes=\"auto, (max-width: 2000px) 100vw, 2000px\" \/>                                                                    <\/a>\n                                                                <\/figure>\n                    \t<div class=\"post-content\">\n\t\t<div class=\"post-content-inner\">\n\n\t\t\t\n\t\t\t<h2 class=\"post-title entry-title\"><a href=\"https:\/\/activebase.store\/de\/comment-prevenir-des-tms-au-bureau\/\">Comment pr\u00e9venir des TMS au bureau&nbsp;?<\/a><\/h2>\n\t\t\t\n\t\t\t\n\t\t\t        <div class=\"entry-content\">\n\n        \n            <p>Les TMS, qu&rsquo;est-ce que c&rsquo;est&nbsp;? Les TMS, c&rsquo;est quoi&nbsp;? Les troubles musculo-squelettiques ou TMS repr\u00e9sentent 85% des maladies professionnelles. Autant dire que nous sommes tous concern\u00e9s! Ils se manifestent par des douleurs et une g\u00eane dans les mouvements. Les plus courants sont les tendinites de l\u2019\u00e9paule, l\u2019\u00e9picondylite (coude), le syndrome du canal carpien (poignet) et les lombalgies (mal de dos). [&hellip;]<\/p>\n\n                \n            \n        <\/div><!-- \/.entry-content -->\n        \n\t\t<\/div>\n\t\t<!-- \/.post-content-inner -->\n\t<\/div>\n\t<!-- \/.post-content -->\n\t\n<\/article>\n<!-- \/.post -->\n<article id=\"post-60770\" class=\"post tf_clearfix post-60770 type-post status-publish format-standard has-post-thumbnail hentry category-guide-ergonomique has-post-title no-post-date has-post-category has-post-tag has-post-comment has-post-author \">\n\t    \n\t                <figure class=\"post-image tf_clearfix\">\n                                                            <a href=\"https:\/\/activebase.store\/de\/tabouret-vs-ballon\/\">\n                                        <img loading=\"lazy\" decoding=\"async\" width=\"1500\" height=\"1000\" src=\"https:\/\/activebase.store\/wp-content\/uploads\/2021\/09\/Photo-article-33.png\" class=\"wp-post-image wp-image-69633\" title=\"Photo-article-33\" alt=\"Photo-article-33\" srcset=\"https:\/\/activebase.store\/wp-content\/uploads\/2021\/09\/Photo-article-33.png 1500w, https:\/\/activebase.store\/wp-content\/uploads\/2021\/09\/Photo-article-33-300x200.png 300w, https:\/\/activebase.store\/wp-content\/uploads\/2021\/09\/Photo-article-33-600x400.png 600w, https:\/\/activebase.store\/wp-content\/uploads\/2021\/09\/Photo-article-33-1024x683.png 1024w, https:\/\/activebase.store\/wp-content\/uploads\/2021\/09\/Photo-article-33-768x512.png 768w\" sizes=\"auto, (max-width: 1500px) 100vw, 1500px\" \/>                                                                    <\/a>\n                                                                <\/figure>\n                    \t<div class=\"post-content\">\n\t\t<div class=\"post-content-inner\">\n\n\t\t\t\n\t\t\t<h2 class=\"post-title entry-title\"><a href=\"https:\/\/activebase.store\/de\/tabouret-vs-ballon\/\">Tabouret VS Ballon<\/a><\/h2>\n\t\t\t\n\t\t\t\n\t\t\t        <div class=\"entry-content\">\n\n        \n            <p>Vous h\u00e9sitez encore entre l&rsquo;utilisation d&rsquo;un ballon ergonomique de bureau et d&rsquo;un tabouret ergonomique ActiveBase pour travailler&nbsp;? Lisez cet article et faites votre choix&nbsp;! La position assise n&rsquo;est pas une position naturelle pour l&rsquo;homo-sapiens que nous sommes. Tous les experts le prouvent, le maintien d&rsquo;une mauvaise position assise a des r\u00e9percussion directes sur notre sant\u00e9 physique et notre \u00e9quilibre mental. [&hellip;]<\/p>\n\n                \n            \n        <\/div><!-- \/.entry-content -->\n        \n\t\t<\/div>\n\t\t<!-- \/.post-content-inner -->\n\t<\/div>\n\t<!-- \/.post-content -->\n\t\n<\/article>\n<!-- \/.post -->\n    <\/div><!-- .builder-posts-wrap -->\n            <\/div>\n<!-- \/module post -->\n    <!-- module post -->\n<div  class=\"module module-post tb_yfdh443  hide-desktop hide-tablet_landscape\">\n    <div  class=\"builder-posts-wrap loops-wrapper grid2 masonry tf_rel tf_clear tf_clearfix\" data-lazy=\"1\">\n    <article id=\"post-64879\" class=\"post tf_clearfix post-64879 type-post status-publish format-standard hentry category-guide-ergonomique has-post-title no-post-date has-post-category has-post-tag has-post-comment has-post-author \">\n\t    \n\t\t<div class=\"post-content\">\n\t\t<div class=\"post-content-inner\">\n\n\t\t\t\n\t\t\t<h2 class=\"post-title entry-title\"><a href=\"https:\/\/activebase.store\/de\/10-raisons-dacheter-un-tabouret-ergonomique\/\">10 raisons d&rsquo;acheter un tabouret ergonomique<\/a><\/h2>\n\t\t\t\n\t\t\t\n\t\t\t        <div class=\"entry-content\">\n\n        \n            <p>Un tabouret ergonomique, mais pourquoi faire&nbsp;? Tr\u00e8s bonne question&nbsp;! A quoi peut bien servir un tabouret ergonomique quand on voit [&hellip;]<\/p>\n\n                \n            \n        <\/div><!-- \/.entry-content -->\n        \n\t\t<\/div>\n\t\t<!-- \/.post-content-inner -->\n\t<\/div>\n\t<!-- \/.post-content -->\n\t\n<\/article>\n<!-- \/.post -->\n<article id=\"post-62736\" class=\"post tf_clearfix post-62736 type-post status-publish format-standard has-post-thumbnail hentry category-guide-ergonomique has-post-title no-post-date has-post-category has-post-tag has-post-comment has-post-author \">\n\t    \n\t                <figure class=\"post-image tf_clearfix\">\n                                                            <a href=\"https:\/\/activebase.store\/de\/4-raisons-de-choisir-un-tabouret-de-bureau-ergonomique\/\">\n                                        <img loading=\"lazy\" decoding=\"async\" width=\"1124\" height=\"632\" src=\"https:\/\/activebase.store\/wp-content\/uploads\/2021\/10\/mal-dos-article-1.jpg\" class=\"wp-post-image wp-image-70892\" title=\"mal-dos-article-1\" alt=\"mal-dos-article-1\" srcset=\"https:\/\/activebase.store\/wp-content\/uploads\/2021\/10\/mal-dos-article-1.jpg 1124w, https:\/\/activebase.store\/wp-content\/uploads\/2021\/10\/mal-dos-article-1-300x169.jpg 300w, https:\/\/activebase.store\/wp-content\/uploads\/2021\/10\/mal-dos-article-1-1024x576.jpg 1024w, https:\/\/activebase.store\/wp-content\/uploads\/2021\/10\/mal-dos-article-1-768x432.jpg 768w, https:\/\/activebase.store\/wp-content\/uploads\/2021\/10\/mal-dos-article-1-18x10.jpg 18w, https:\/\/activebase.store\/wp-content\/uploads\/2021\/10\/mal-dos-article-1-600x337.jpg 600w\" sizes=\"auto, (max-width: 1124px) 100vw, 1124px\" \/>                                                                    <\/a>\n                                                                <\/figure>\n                    \t<div class=\"post-content\">\n\t\t<div class=\"post-content-inner\">\n\n\t\t\t\n\t\t\t<h2 class=\"post-title entry-title\"><a href=\"https:\/\/activebase.store\/de\/4-raisons-de-choisir-un-tabouret-de-bureau-ergonomique\/\">Pourquoi choisir un tabouret de bureau ergonomique&nbsp;?<\/a><\/h2>\n\t\t\t\n\t\t\t\n\t\t\t        <div class=\"entry-content\">\n\n        \n            <p>Le t\u00e9l\u00e9travail a permis une \u00e9volution de nos habitudes de travail. Avec la cr\u00e9ation de postes en full-remote et l&rsquo;engouement [&hellip;]<\/p>\n\n                \n            \n        <\/div><!-- \/.entry-content -->\n        \n\t\t<\/div>\n\t\t<!-- \/.post-content-inner -->\n\t<\/div>\n\t<!-- \/.post-content -->\n\t\n<\/article>\n<!-- \/.post -->\n<article id=\"post-60899\" class=\"post tf_clearfix post-60899 type-post status-publish format-standard has-post-thumbnail hentry category-guide-ergonomique has-post-title no-post-date has-post-category has-post-tag has-post-comment has-post-author \">\n\t    \n\t                <figure class=\"post-image tf_clearfix\">\n                                                            <a href=\"https:\/\/activebase.store\/de\/comment-prevenir-des-tms-au-bureau\/\">\n                                        <img loading=\"lazy\" decoding=\"async\" width=\"2000\" height=\"1231\" src=\"https:\/\/activebase.store\/wp-content\/uploads\/2021\/09\/RS1448_IMG_0842-lpr.jpg\" class=\"wp-post-image wp-image-69634\" title=\"RS1448_IMG_0842-lpr\" alt=\"RS1448_IMG_0842-lpr\" srcset=\"https:\/\/activebase.store\/wp-content\/uploads\/2021\/09\/RS1448_IMG_0842-lpr.jpg 2000w, https:\/\/activebase.store\/wp-content\/uploads\/2021\/09\/RS1448_IMG_0842-lpr-300x185.jpg 300w, https:\/\/activebase.store\/wp-content\/uploads\/2021\/09\/RS1448_IMG_0842-lpr-600x369.jpg 600w, https:\/\/activebase.store\/wp-content\/uploads\/2021\/09\/RS1448_IMG_0842-lpr-1024x630.jpg 1024w, https:\/\/activebase.store\/wp-content\/uploads\/2021\/09\/RS1448_IMG_0842-lpr-768x473.jpg 768w, https:\/\/activebase.store\/wp-content\/uploads\/2021\/09\/RS1448_IMG_0842-lpr-1536x945.jpg 1536w\" sizes=\"auto, (max-width: 2000px) 100vw, 2000px\" \/>                                                                    <\/a>\n                                                                <\/figure>\n                    \t<div class=\"post-content\">\n\t\t<div class=\"post-content-inner\">\n\n\t\t\t\n\t\t\t<h2 class=\"post-title entry-title\"><a href=\"https:\/\/activebase.store\/de\/comment-prevenir-des-tms-au-bureau\/\">Comment pr\u00e9venir des TMS au bureau&nbsp;?<\/a><\/h2>\n\t\t\t\n\t\t\t\n\t\t\t        <div class=\"entry-content\">\n\n        \n            <p>Les TMS, qu&rsquo;est-ce que c&rsquo;est&nbsp;? Les TMS, c&rsquo;est quoi&nbsp;? Les troubles musculo-squelettiques ou TMS repr\u00e9sentent 85% des maladies professionnelles. Autant [&hellip;]<\/p>\n\n                \n            \n        <\/div><!-- \/.entry-content -->\n        \n\t\t<\/div>\n\t\t<!-- \/.post-content-inner -->\n\t<\/div>\n\t<!-- \/.post-content -->\n\t\n<\/article>\n<!-- \/.post -->\n<article id=\"post-60770\" class=\"post tf_clearfix post-60770 type-post status-publish format-standard has-post-thumbnail hentry category-guide-ergonomique has-post-title no-post-date has-post-category has-post-tag has-post-comment has-post-author \">\n\t    \n\t                <figure class=\"post-image tf_clearfix\">\n                                                            <a href=\"https:\/\/activebase.store\/de\/tabouret-vs-ballon\/\">\n                                        <img loading=\"lazy\" decoding=\"async\" width=\"1500\" height=\"1000\" src=\"https:\/\/activebase.store\/wp-content\/uploads\/2021\/09\/Photo-article-33.png\" class=\"wp-post-image wp-image-69633\" title=\"Photo-article-33\" alt=\"Photo-article-33\" srcset=\"https:\/\/activebase.store\/wp-content\/uploads\/2021\/09\/Photo-article-33.png 1500w, https:\/\/activebase.store\/wp-content\/uploads\/2021\/09\/Photo-article-33-300x200.png 300w, https:\/\/activebase.store\/wp-content\/uploads\/2021\/09\/Photo-article-33-600x400.png 600w, https:\/\/activebase.store\/wp-content\/uploads\/2021\/09\/Photo-article-33-1024x683.png 1024w, https:\/\/activebase.store\/wp-content\/uploads\/2021\/09\/Photo-article-33-768x512.png 768w\" sizes=\"auto, (max-width: 1500px) 100vw, 1500px\" \/>                                                                    <\/a>\n                                                                <\/figure>\n                    \t<div class=\"post-content\">\n\t\t<div class=\"post-content-inner\">\n\n\t\t\t\n\t\t\t<h2 class=\"post-title entry-title\"><a href=\"https:\/\/activebase.store\/de\/tabouret-vs-ballon\/\">Tabouret VS Ballon<\/a><\/h2>\n\t\t\t\n\t\t\t\n\t\t\t        <div class=\"entry-content\">\n\n        \n            <p>Vous h\u00e9sitez encore entre l&rsquo;utilisation d&rsquo;un ballon ergonomique de bureau et d&rsquo;un tabouret ergonomique ActiveBase pour travailler&nbsp;? Lisez cet article [&hellip;]<\/p>\n\n                \n            \n        <\/div><!-- \/.entry-content -->\n        \n\t\t<\/div>\n\t\t<!-- \/.post-content-inner -->\n\t<\/div>\n\t<!-- \/.post-content -->\n\t\n<\/article>\n<!-- \/.post -->\n    <\/div><!-- .builder-posts-wrap -->\n            <\/div>\n<!-- \/module post -->\n            <\/div>\n                        <\/div>\n        <\/div>\n        <\/div>\n<!--\/themify_builder_content-->","protected":false},"excerpt":{"rendered":"<p>Unser Ergonomie-Leitfaden<\/p>","protected":false},"author":15,"featured_media":0,"parent":0,"menu_order":0,"comment_status":"closed","ping_status":"closed","template":"","meta":{"_acf_changed":false,"_monsterinsights_skip_tracking":false,"_monsterinsights_sitenote_active":false,"_monsterinsights_sitenote_note":"","_monsterinsights_sitenote_category":0,"footnotes":""},"class_list":["post-68761","page","type-page","status-publish","hentry","has-post-title","has-post-date","has-post-category","has-post-tag","has-post-comment","has-post-author",""],"acf":[],"builder_content":"<h1>Notre guide ergonomie<\/h1>","_links":{"self":[{"href":"https:\/\/activebase.store\/de\/wp-json\/wp\/v2\/pages\/68761","targetHints":{"allow":["GET"]}}],"collection":[{"href":"https:\/\/activebase.store\/de\/wp-json\/wp\/v2\/pages"}],"about":[{"href":"https:\/\/activebase.store\/de\/wp-json\/wp\/v2\/types\/page"}],"author":[{"embeddable":true,"href":"https:\/\/activebase.store\/de\/wp-json\/wp\/v2\/users\/15"}],"replies":[{"embeddable":true,"href":"https:\/\/activebase.store\/de\/wp-json\/wp\/v2\/comments?post=68761"}],"version-history":[{"count":0,"href":"https:\/\/activebase.store\/de\/wp-json\/wp\/v2\/pages\/68761\/revisions"}],"wp:attachment":[{"href":"https:\/\/activebase.store\/de\/wp-json\/wp\/v2\/media?parent=68761"}],"curies":[{"name":"wp","href":"https:\/\/api.w.org\/{rel}","templated":true}]}}