{"id":68770,"date":"2024-04-21T08:09:27","date_gmt":"2024-04-21T06:09:27","guid":{"rendered":"https:\/\/vigilant-almeida.54-38-5-165.plesk.page\/?page_id=68770"},"modified":"2024-04-30T19:47:36","modified_gmt":"2024-04-30T17:47:36","slug":"telearbeitsberatung","status":"publish","type":"page","link":"https:\/\/activebase.store\/de\/conseils-teletravail\/","title":{"rendered":"Tipps zur Telearbeit"},"content":{"rendered":"<!--themify_builder_content-->\n<div id=\"themify_builder_content-68770\" data-postid=\"68770\" class=\"themify_builder_content themify_builder_content-68770 themify_builder tf_clear\">\n                    <div  data-css_id=\"f719381\" data-lazy=\"1\" class=\"module_row themify_builder_row fullwidth_row_container tb_f719381 tb_first tf_w\">\n                        <div class=\"row_inner col_align_top tb_col_count_1 tf_box tf_rel\">\n                        <div  data-lazy=\"1\" class=\"module_column tb-column col-full tb_7ysr382 first\">\n                    <!-- module text -->\n<div  class=\"module module-text tb_kcm2980    wow\" data-tf-animation=\"fadeInDown\" data-tf-animation_delay=\"0.5\" data-lazy=\"1\">\n        <div  class=\"tb_text_wrap\">\n        <h1>Nos conseils t\u00e9l\u00e9travail<\/h1>    <\/div>\n<\/div>\n<!-- \/module text -->        <\/div>\n                        <\/div>\n        <\/div>\n                        <div  data-lazy=\"1\" class=\"module_row themify_builder_row tb_8q9x517 tf_w\">\n                        <div class=\"row_inner col_align_top tb_col_count_1 tf_box tf_rel\">\n                        <div  data-lazy=\"1\" class=\"module_column tb-column col-full tb_whuh517 first\">\n                    <!-- module post -->\n<div  class=\"module module-post tb_e2ni517  hide-tablet hide-mobile\">\n    <div  class=\"builder-posts-wrap loops-wrapper list-thumb-image tf_clear tf_clearfix\" data-lazy=\"1\">\n    <article id=\"post-66481\" class=\"post tf_clearfix post-66481 type-post status-publish format-standard has-post-thumbnail hentry category-conseils-teletravail has-post-title no-post-date has-post-category has-post-tag has-post-comment has-post-author \">\n\t    \n\t                <figure class=\"post-image tf_clearfix\">\n                                                            <a href=\"https:\/\/activebase.store\/de\/digital-nomad-les-bonnes-pratiques-de-travail\/\">\n                                        <img loading=\"lazy\" decoding=\"async\" width=\"1200\" height=\"675\" src=\"https:\/\/activebase.store\/wp-content\/uploads\/2022\/06\/Activebase-beach-19.jpg\" class=\"wp-post-image wp-image-69693\" title=\"Activebase-beach-19\" alt=\"Activebase-beach-19\" srcset=\"https:\/\/activebase.store\/wp-content\/uploads\/2022\/06\/Activebase-beach-19.jpg 1200w, https:\/\/activebase.store\/wp-content\/uploads\/2022\/06\/Activebase-beach-19-300x169.jpg 300w, https:\/\/activebase.store\/wp-content\/uploads\/2022\/06\/Activebase-beach-19-600x338.jpg 600w, https:\/\/activebase.store\/wp-content\/uploads\/2022\/06\/Activebase-beach-19-1024x576.jpg 1024w, https:\/\/activebase.store\/wp-content\/uploads\/2022\/06\/Activebase-beach-19-768x432.jpg 768w\" sizes=\"auto, (max-width: 1200px) 100vw, 1200px\" \/>                                                                    <\/a>\n                                                                <\/figure>\n                    \t<div class=\"post-content\">\n\t\t<div class=\"post-content-inner\">\n\n\t\t\t\n\t\t\t<h2 class=\"post-title entry-title\"><a href=\"https:\/\/activebase.store\/de\/digital-nomad-les-bonnes-pratiques-de-travail\/\">Digital nomad, quelles sont les bonnes pratiques de travail&nbsp;?<\/a><\/h2>\n\t\t\t\n\t\t\t\n\t\t\t        <div class=\"entry-content\">\n\n        \n            <p>La pratique du digital nomad a mis en lumi\u00e8re la facilit\u00e9 de travailler dans le monde entier. Avec la crise sanitaire, cette pratique s\u2019est de plus en d\u00e9velopp\u00e9e. Cependant, le fait de travailler \u00e0 l\u2019autre bout du monde n\u2019est pas une excuse pour travailler dans de mauvaises conditions. Un environnement de travail adapt\u00e9 Sans de bons outils de travail, difficile [&hellip;]<\/p>\n\n                \n            \n        <\/div><!-- \/.entry-content -->\n        \n\t\t<\/div>\n\t\t<!-- \/.post-content-inner -->\n\t<\/div>\n\t<!-- \/.post-content -->\n\t\n<\/article>\n<!-- \/.post -->\n<article id=\"post-65752\" class=\"post tf_clearfix post-65752 type-post status-publish format-standard has-post-thumbnail hentry category-conseils-teletravail has-post-title no-post-date has-post-category has-post-tag has-post-comment has-post-author \">\n\t    \n\t                <figure class=\"post-image tf_clearfix\">\n                                                            <a href=\"https:\/\/activebase.store\/de\/comment-devenir-digital-nomad\/\">\n                                        <img loading=\"lazy\" decoding=\"async\" width=\"850\" height=\"500\" src=\"https:\/\/activebase.store\/wp-content\/uploads\/2022\/05\/digital-nomad.jpg\" class=\"wp-post-image wp-image-69697\" title=\"digital-nomad\" alt=\"digital-nomad\" srcset=\"https:\/\/activebase.store\/wp-content\/uploads\/2022\/05\/digital-nomad.jpg 850w, https:\/\/activebase.store\/wp-content\/uploads\/2022\/05\/digital-nomad-300x176.jpg 300w, https:\/\/activebase.store\/wp-content\/uploads\/2022\/05\/digital-nomad-600x353.jpg 600w, https:\/\/activebase.store\/wp-content\/uploads\/2022\/05\/digital-nomad-768x452.jpg 768w\" sizes=\"auto, (max-width: 850px) 100vw, 850px\" \/>                                                                    <\/a>\n                                                                <\/figure>\n                    \t<div class=\"post-content\">\n\t\t<div class=\"post-content-inner\">\n\n\t\t\t\n\t\t\t<h2 class=\"post-title entry-title\"><a href=\"https:\/\/activebase.store\/de\/comment-devenir-digital-nomad\/\">TOP 4 des conseils pour travailler en voyageant<\/a><\/h2>\n\t\t\t\n\t\t\t\n\t\t\t        <div class=\"entry-content\">\n\n        \n            <p>Depuis la crise sanitaire, l\u2019essor du t\u00e9l\u00e9travail a consid\u00e9rablement accentu\u00e9 la lanc\u00e9e des t\u00e9l\u00e9travailleurs et freelance qui lient voyage et gestion de leur activit\u00e9 professionnelle en ligne. Si vous faites partie de cette cat\u00e9gorie de travailleurs ou bien que avez pour objectif de les rejoindre, d\u00e9couvrez nos 4 meilleurs conseils pour travailler en voyageant dans de bonnes conditions. Digital nomad&nbsp;: [&hellip;]<\/p>\n\n                \n            \n        <\/div><!-- \/.entry-content -->\n        \n\t\t<\/div>\n\t\t<!-- \/.post-content-inner -->\n\t<\/div>\n\t<!-- \/.post-content -->\n\t\n<\/article>\n<!-- \/.post -->\n<article id=\"post-60399\" class=\"post tf_clearfix post-60399 type-post status-publish format-standard has-post-thumbnail hentry category-conseils-teletravail has-post-title no-post-date has-post-category has-post-tag has-post-comment has-post-author \">\n\t    \n\t                <figure class=\"post-image tf_clearfix\">\n                                                            <a href=\"https:\/\/activebase.store\/de\/comment-maximiser-votre-productivite-grace-a-lactivebase\/\">\n                                        <img loading=\"lazy\" decoding=\"async\" width=\"1366\" height=\"769\" src=\"https:\/\/activebase.store\/wp-content\/uploads\/2021\/08\/P1033685.jpg\" class=\"wp-post-image wp-image-69701\" title=\"P1033685\" alt=\"P1033685\" srcset=\"https:\/\/activebase.store\/wp-content\/uploads\/2021\/08\/P1033685.jpg 1366w, https:\/\/activebase.store\/wp-content\/uploads\/2021\/08\/P1033685-300x169.jpg 300w, https:\/\/activebase.store\/wp-content\/uploads\/2021\/08\/P1033685-600x338.jpg 600w, https:\/\/activebase.store\/wp-content\/uploads\/2021\/08\/P1033685-1024x576.jpg 1024w, https:\/\/activebase.store\/wp-content\/uploads\/2021\/08\/P1033685-768x432.jpg 768w\" sizes=\"auto, (max-width: 1366px) 100vw, 1366px\" \/>                                                                    <\/a>\n                                                                <\/figure>\n                    \t<div class=\"post-content\">\n\t\t<div class=\"post-content-inner\">\n\n\t\t\t\n\t\t\t<h2 class=\"post-title entry-title\"><a href=\"https:\/\/activebase.store\/de\/comment-maximiser-votre-productivite-grace-a-lactivebase\/\">T\u00e9l\u00e9travail&nbsp;: Comment \u00eatre productif au travail&nbsp;?<\/a><\/h2>\n\t\t\t\n\t\t\t\n\t\t\t        <div class=\"entry-content\">\n\n        \n            <p>De nos jours, nous sommes de plus en plus nombreux \u00e0 travailler assis derri\u00e8re un bureau. Selon une \u00e9tude r\u00e9alis\u00e9e en 2018 par l&rsquo;association \u00ab&nbsp;&nbsp;\u00a0Attitude Pr\u00e9vention\u00a0&nbsp;&nbsp;\u00bb, les Fran\u00e7ais restent plus de 7h par jour en position assise. Et ce n&rsquo;est pas une bonne chose&#8230; En effet, cette posture n\u2019\u00e9tant pas une position naturelle pour les Homo-Sapiens que nous sommes, notre [&hellip;]<\/p>\n\n                \n            \n        <\/div><!-- \/.entry-content -->\n        \n\t\t<\/div>\n\t\t<!-- \/.post-content-inner -->\n\t<\/div>\n\t<!-- \/.post-content -->\n\t\n<\/article>\n<!-- \/.post -->\n<article id=\"post-60793\" class=\"post tf_clearfix post-60793 type-post status-publish format-standard has-post-thumbnail hentry category-conseils-teletravail has-post-title no-post-date has-post-category has-post-tag has-post-comment has-post-author \">\n\t    \n\t                <figure class=\"post-image tf_clearfix\">\n                                                            <a href=\"https:\/\/activebase.store\/de\/comment-ameliorer-sa-qualite-de-vie-en-teletravail\/\">\n                                        <img loading=\"lazy\" decoding=\"async\" width=\"1125\" height=\"654\" src=\"https:\/\/activebase.store\/wp-content\/uploads\/2021\/07\/teletravail-activebase-1.jpg\" class=\"wp-post-image wp-image-69753\" title=\"Screenshot\" alt=\"Screenshot\" srcset=\"https:\/\/activebase.store\/wp-content\/uploads\/2021\/07\/teletravail-activebase-1.jpg 1125w, https:\/\/activebase.store\/wp-content\/uploads\/2021\/07\/teletravail-activebase-1-300x174.jpg 300w, https:\/\/activebase.store\/wp-content\/uploads\/2021\/07\/teletravail-activebase-1-600x349.jpg 600w, https:\/\/activebase.store\/wp-content\/uploads\/2021\/07\/teletravail-activebase-1-1024x595.jpg 1024w, https:\/\/activebase.store\/wp-content\/uploads\/2021\/07\/teletravail-activebase-1-768x446.jpg 768w, https:\/\/activebase.store\/wp-content\/uploads\/2021\/07\/teletravail-activebase-1-18x10.jpg 18w\" sizes=\"auto, (max-width: 1125px) 100vw, 1125px\" \/>                                                                    <\/a>\n                                                                <\/figure>\n                    \t<div class=\"post-content\">\n\t\t<div class=\"post-content-inner\">\n\n\t\t\t\n\t\t\t<h2 class=\"post-title entry-title\"><a href=\"https:\/\/activebase.store\/de\/comment-ameliorer-sa-qualite-de-vie-en-teletravail\/\">T\u00e9l\u00e9travail&nbsp;: comment s&rsquo;organiser au quotidien&nbsp;?<\/a><\/h2>\n\t\t\t\n\t\t\t\n\t\t\t        <div class=\"entry-content\">\n\n        \n            <p>La crise sanitaire a chamboul\u00e9 notre quotidien \u00e0 tous que ce soit sur le plan personnel ou professionnel. Toutes les entreprises se sont vues contraintes de mettre en place le t\u00e9l\u00e9travail afin de pouvoir poursuivre leur activit\u00e9. Cette situation a boulevers\u00e9 le quotidien des entreprises et la place du travail dans la vie des Fran\u00e7ais. La team ActiveBase vous partage [&hellip;]<\/p>\n\n                \n            \n        <\/div><!-- \/.entry-content -->\n        \n\t\t<\/div>\n\t\t<!-- \/.post-content-inner -->\n\t<\/div>\n\t<!-- \/.post-content -->\n\t\n<\/article>\n<!-- \/.post -->\n    <\/div><!-- .builder-posts-wrap -->\n            <\/div>\n<!-- \/module post -->\n    <!-- module post -->\n<div  class=\"module module-post tb_q2us122  hide-desktop hide-tablet_landscape\">\n    <div  class=\"builder-posts-wrap loops-wrapper grid2 masonry tf_rel tf_clear tf_clearfix\" data-lazy=\"1\">\n    <article id=\"post-66481\" class=\"post tf_clearfix post-66481 type-post status-publish format-standard has-post-thumbnail hentry category-conseils-teletravail has-post-title no-post-date has-post-category has-post-tag has-post-comment has-post-author \">\n\t    \n\t                <figure class=\"post-image tf_clearfix\">\n                                                            <a href=\"https:\/\/activebase.store\/de\/digital-nomad-les-bonnes-pratiques-de-travail\/\">\n                                        <img loading=\"lazy\" decoding=\"async\" width=\"1200\" height=\"675\" src=\"https:\/\/activebase.store\/wp-content\/uploads\/2022\/06\/Activebase-beach-19.jpg\" class=\"wp-post-image wp-image-69693\" title=\"Activebase-beach-19\" alt=\"Activebase-beach-19\" srcset=\"https:\/\/activebase.store\/wp-content\/uploads\/2022\/06\/Activebase-beach-19.jpg 1200w, https:\/\/activebase.store\/wp-content\/uploads\/2022\/06\/Activebase-beach-19-300x169.jpg 300w, https:\/\/activebase.store\/wp-content\/uploads\/2022\/06\/Activebase-beach-19-600x338.jpg 600w, https:\/\/activebase.store\/wp-content\/uploads\/2022\/06\/Activebase-beach-19-1024x576.jpg 1024w, https:\/\/activebase.store\/wp-content\/uploads\/2022\/06\/Activebase-beach-19-768x432.jpg 768w\" sizes=\"auto, (max-width: 1200px) 100vw, 1200px\" \/>                                                                    <\/a>\n                                                                <\/figure>\n                    \t<div class=\"post-content\">\n\t\t<div class=\"post-content-inner\">\n\n\t\t\t\n\t\t\t<h2 class=\"post-title entry-title\"><a href=\"https:\/\/activebase.store\/de\/digital-nomad-les-bonnes-pratiques-de-travail\/\">Digital nomad, quelles sont les bonnes pratiques de travail&nbsp;?<\/a><\/h2>\n\t\t\t\n\t\t\t\n\t\t\t        <div class=\"entry-content\">\n\n        \n            <p>La pratique du digital nomad a mis en lumi\u00e8re la facilit\u00e9 de travailler dans le monde entier. Avec la crise [&hellip;]<\/p>\n\n                \n            \n        <\/div><!-- \/.entry-content -->\n        \n\t\t<\/div>\n\t\t<!-- \/.post-content-inner -->\n\t<\/div>\n\t<!-- \/.post-content -->\n\t\n<\/article>\n<!-- \/.post -->\n<article id=\"post-65752\" class=\"post tf_clearfix post-65752 type-post status-publish format-standard has-post-thumbnail hentry category-conseils-teletravail has-post-title no-post-date has-post-category has-post-tag has-post-comment has-post-author \">\n\t    \n\t                <figure class=\"post-image tf_clearfix\">\n                                                            <a href=\"https:\/\/activebase.store\/de\/comment-devenir-digital-nomad\/\">\n                                        <img loading=\"lazy\" decoding=\"async\" width=\"850\" height=\"500\" src=\"https:\/\/activebase.store\/wp-content\/uploads\/2022\/05\/digital-nomad.jpg\" class=\"wp-post-image wp-image-69697\" title=\"digital-nomad\" alt=\"digital-nomad\" srcset=\"https:\/\/activebase.store\/wp-content\/uploads\/2022\/05\/digital-nomad.jpg 850w, https:\/\/activebase.store\/wp-content\/uploads\/2022\/05\/digital-nomad-300x176.jpg 300w, https:\/\/activebase.store\/wp-content\/uploads\/2022\/05\/digital-nomad-600x353.jpg 600w, https:\/\/activebase.store\/wp-content\/uploads\/2022\/05\/digital-nomad-768x452.jpg 768w\" sizes=\"auto, (max-width: 850px) 100vw, 850px\" \/>                                                                    <\/a>\n                                                                <\/figure>\n                    \t<div class=\"post-content\">\n\t\t<div class=\"post-content-inner\">\n\n\t\t\t\n\t\t\t<h2 class=\"post-title entry-title\"><a href=\"https:\/\/activebase.store\/de\/comment-devenir-digital-nomad\/\">TOP 4 des conseils pour travailler en voyageant<\/a><\/h2>\n\t\t\t\n\t\t\t\n\t\t\t        <div class=\"entry-content\">\n\n        \n            <p>Depuis la crise sanitaire, l\u2019essor du t\u00e9l\u00e9travail a consid\u00e9rablement accentu\u00e9 la lanc\u00e9e des t\u00e9l\u00e9travailleurs et freelance qui lient voyage et [&hellip;]<\/p>\n\n                \n            \n        <\/div><!-- \/.entry-content -->\n        \n\t\t<\/div>\n\t\t<!-- \/.post-content-inner -->\n\t<\/div>\n\t<!-- \/.post-content -->\n\t\n<\/article>\n<!-- \/.post -->\n<article id=\"post-60399\" class=\"post tf_clearfix post-60399 type-post status-publish format-standard has-post-thumbnail hentry category-conseils-teletravail has-post-title no-post-date has-post-category has-post-tag has-post-comment has-post-author \">\n\t    \n\t                <figure class=\"post-image tf_clearfix\">\n                                                            <a href=\"https:\/\/activebase.store\/de\/comment-maximiser-votre-productivite-grace-a-lactivebase\/\">\n                                        <img loading=\"lazy\" decoding=\"async\" width=\"1366\" height=\"769\" src=\"https:\/\/activebase.store\/wp-content\/uploads\/2021\/08\/P1033685.jpg\" class=\"wp-post-image wp-image-69701\" title=\"P1033685\" alt=\"P1033685\" srcset=\"https:\/\/activebase.store\/wp-content\/uploads\/2021\/08\/P1033685.jpg 1366w, https:\/\/activebase.store\/wp-content\/uploads\/2021\/08\/P1033685-300x169.jpg 300w, https:\/\/activebase.store\/wp-content\/uploads\/2021\/08\/P1033685-600x338.jpg 600w, https:\/\/activebase.store\/wp-content\/uploads\/2021\/08\/P1033685-1024x576.jpg 1024w, https:\/\/activebase.store\/wp-content\/uploads\/2021\/08\/P1033685-768x432.jpg 768w\" sizes=\"auto, (max-width: 1366px) 100vw, 1366px\" \/>                                                                    <\/a>\n                                                                <\/figure>\n                    \t<div class=\"post-content\">\n\t\t<div class=\"post-content-inner\">\n\n\t\t\t\n\t\t\t<h2 class=\"post-title entry-title\"><a href=\"https:\/\/activebase.store\/de\/comment-maximiser-votre-productivite-grace-a-lactivebase\/\">T\u00e9l\u00e9travail&nbsp;: Comment \u00eatre productif au travail&nbsp;?<\/a><\/h2>\n\t\t\t\n\t\t\t\n\t\t\t        <div class=\"entry-content\">\n\n        \n            <p>De nos jours, nous sommes de plus en plus nombreux \u00e0 travailler assis derri\u00e8re un bureau. Selon une \u00e9tude r\u00e9alis\u00e9e [&hellip;]<\/p>\n\n                \n            \n        <\/div><!-- \/.entry-content -->\n        \n\t\t<\/div>\n\t\t<!-- \/.post-content-inner -->\n\t<\/div>\n\t<!-- \/.post-content -->\n\t\n<\/article>\n<!-- \/.post -->\n<article id=\"post-60793\" class=\"post tf_clearfix post-60793 type-post status-publish format-standard has-post-thumbnail hentry category-conseils-teletravail has-post-title no-post-date has-post-category has-post-tag has-post-comment has-post-author \">\n\t    \n\t                <figure class=\"post-image tf_clearfix\">\n                                                            <a href=\"https:\/\/activebase.store\/de\/comment-ameliorer-sa-qualite-de-vie-en-teletravail\/\">\n                                        <img loading=\"lazy\" decoding=\"async\" width=\"1125\" height=\"654\" src=\"https:\/\/activebase.store\/wp-content\/uploads\/2021\/07\/teletravail-activebase-1.jpg\" class=\"wp-post-image wp-image-69753\" title=\"Screenshot\" alt=\"Screenshot\" srcset=\"https:\/\/activebase.store\/wp-content\/uploads\/2021\/07\/teletravail-activebase-1.jpg 1125w, https:\/\/activebase.store\/wp-content\/uploads\/2021\/07\/teletravail-activebase-1-300x174.jpg 300w, https:\/\/activebase.store\/wp-content\/uploads\/2021\/07\/teletravail-activebase-1-600x349.jpg 600w, https:\/\/activebase.store\/wp-content\/uploads\/2021\/07\/teletravail-activebase-1-1024x595.jpg 1024w, https:\/\/activebase.store\/wp-content\/uploads\/2021\/07\/teletravail-activebase-1-768x446.jpg 768w, https:\/\/activebase.store\/wp-content\/uploads\/2021\/07\/teletravail-activebase-1-18x10.jpg 18w\" sizes=\"auto, (max-width: 1125px) 100vw, 1125px\" \/>                                                                    <\/a>\n                                                                <\/figure>\n                    \t<div class=\"post-content\">\n\t\t<div class=\"post-content-inner\">\n\n\t\t\t\n\t\t\t<h2 class=\"post-title entry-title\"><a href=\"https:\/\/activebase.store\/de\/comment-ameliorer-sa-qualite-de-vie-en-teletravail\/\">T\u00e9l\u00e9travail&nbsp;: comment s&rsquo;organiser au quotidien&nbsp;?<\/a><\/h2>\n\t\t\t\n\t\t\t\n\t\t\t        <div class=\"entry-content\">\n\n        \n            <p>La crise sanitaire a chamboul\u00e9 notre quotidien \u00e0 tous que ce soit sur le plan personnel ou professionnel. Toutes les [&hellip;]<\/p>\n\n                \n            \n        <\/div><!-- \/.entry-content -->\n        \n\t\t<\/div>\n\t\t<!-- \/.post-content-inner -->\n\t<\/div>\n\t<!-- \/.post-content -->\n\t\n<\/article>\n<!-- \/.post -->\n    <\/div><!-- .builder-posts-wrap -->\n            <\/div>\n<!-- \/module post -->\n            <\/div>\n                        <\/div>\n        <\/div>\n                        <div  data-lazy=\"1\" class=\"module_row themify_builder_row tb_tgzu657 tf_w\">\n                        <div class=\"row_inner col_align_top tb_col_count_1 tf_box tf_rel\">\n                        <div  data-lazy=\"1\" class=\"module_column tb-column col-full tb_xwsj657 first\">\n                            <\/div>\n                        <\/div>\n        <\/div>\n        <\/div>\n<!--\/themify_builder_content-->","protected":false},"excerpt":{"rendered":"<p>Unsere Telearbeits-Tipps<\/p>","protected":false},"author":15,"featured_media":0,"parent":0,"menu_order":0,"comment_status":"closed","ping_status":"closed","template":"","meta":{"_acf_changed":false,"_monsterinsights_skip_tracking":false,"_monsterinsights_sitenote_active":false,"_monsterinsights_sitenote_note":"","_monsterinsights_sitenote_category":0,"footnotes":""},"class_list":["post-68770","page","type-page","status-publish","hentry","has-post-title","has-post-date","has-post-category","has-post-tag","has-post-comment","has-post-author",""],"acf":[],"builder_content":"<h1>Nos conseils t\u00e9l\u00e9travail<\/h1>","_links":{"self":[{"href":"https:\/\/activebase.store\/de\/wp-json\/wp\/v2\/pages\/68770","targetHints":{"allow":["GET"]}}],"collection":[{"href":"https:\/\/activebase.store\/de\/wp-json\/wp\/v2\/pages"}],"about":[{"href":"https:\/\/activebase.store\/de\/wp-json\/wp\/v2\/types\/page"}],"author":[{"embeddable":true,"href":"https:\/\/activebase.store\/de\/wp-json\/wp\/v2\/users\/15"}],"replies":[{"embeddable":true,"href":"https:\/\/activebase.store\/de\/wp-json\/wp\/v2\/comments?post=68770"}],"version-history":[{"count":0,"href":"https:\/\/activebase.store\/de\/wp-json\/wp\/v2\/pages\/68770\/revisions"}],"wp:attachment":[{"href":"https:\/\/activebase.store\/de\/wp-json\/wp\/v2\/media?parent=68770"}],"curies":[{"name":"wp","href":"https:\/\/api.w.org\/{rel}","templated":true}]}}