{"id":68524,"date":"2024-04-20T08:00:38","date_gmt":"2024-04-20T06:00:38","guid":{"rendered":"https:\/\/vigilant-almeida.54-38-5-165.plesk.page\/?page_id=68524"},"modified":"2024-10-15T17:12:17","modified_gmt":"2024-10-15T15:12:17","slug":"contact","status":"publish","type":"page","link":"https:\/\/activebase.store\/en\/contact\/","title":{"rendered":"Contact"},"content":{"rendered":"<!--themify_builder_content-->\n<div id=\"themify_builder_content-68524\" data-postid=\"68524\" class=\"themify_builder_content themify_builder_content-68524 themify_builder tf_clear\">\n                    <div  data-lazy=\"1\" class=\"module_row themify_builder_row tb_p0u0994 tb_first tf_w\">\n                        <div class=\"row_inner col_align_top tb_col_count_2 tf_box tf_rel\">\n                        <div  data-lazy=\"1\" class=\"module_column tb-column col4-2 tb_pgq4995 first\">\n                    <!-- module text -->\n<div  class=\"module module-text tb_anid810    wow\" data-tf-animation=\"fadeInUp\" data-tf-animation_delay=\"0.1\" data-lazy=\"1\">\n        <div  class=\"tb_text_wrap\">\n        <h1>Contact<\/h1>\n<p>Une question, un besoin particulier par rapport \u00e0 notre produit ? N&rsquo;h\u00e9sitez pas \u00e0 nous \u00e9crire. Nous reviendrons vers vous rapidement.<\/p>\n<p><strong><em>L\u2019\u00e9quipe ACTIVEBASE<\/em><\/strong><\/p>    <\/div>\n<\/div>\n<!-- \/module text -->        <\/div>\n                    <div  data-lazy=\"1\" class=\"module_column tb-column col4-2 tb_x4dn344 last\">\n                            <div  data-lazy=\"1\" class=\"module_subrow themify_builder_sub_row tf_w col_align_middle tb_col_count_2 tb_2zps755\">\n                <div  data-lazy=\"1\" class=\"module_column sub_column col4-2 tb_r5ku755 first\">\n                    <!-- module image -->\n<div  class=\"module module-image tb_jdlr227 image-top circle  tf_mw\" data-lazy=\"1\">\n        <div class=\"image-wrap tf_rel tf_mw\">\n            <img loading=\"lazy\" decoding=\"async\" width=\"1932\" height=\"1932\" src=\"https:\/\/activebase.store\/wp-content\/uploads\/2024\/10\/14205992_10202019892056457_760008484326199302_o.jpg\" class=\"wp-post-image wp-image-71332\" title=\"14205992_10202019892056457_760008484326199302_o\" alt=\"14205992_10202019892056457_760008484326199302_o\" srcset=\"https:\/\/activebase.store\/wp-content\/uploads\/2024\/10\/14205992_10202019892056457_760008484326199302_o.jpg 1932w, https:\/\/activebase.store\/wp-content\/uploads\/2024\/10\/14205992_10202019892056457_760008484326199302_o-300x300.jpg 300w, https:\/\/activebase.store\/wp-content\/uploads\/2024\/10\/14205992_10202019892056457_760008484326199302_o-1024x1024.jpg 1024w, https:\/\/activebase.store\/wp-content\/uploads\/2024\/10\/14205992_10202019892056457_760008484326199302_o-150x150.jpg 150w, https:\/\/activebase.store\/wp-content\/uploads\/2024\/10\/14205992_10202019892056457_760008484326199302_o-768x768.jpg 768w, https:\/\/activebase.store\/wp-content\/uploads\/2024\/10\/14205992_10202019892056457_760008484326199302_o-1536x1536.jpg 1536w, https:\/\/activebase.store\/wp-content\/uploads\/2024\/10\/14205992_10202019892056457_760008484326199302_o-12x12.jpg 12w, https:\/\/activebase.store\/wp-content\/uploads\/2024\/10\/14205992_10202019892056457_760008484326199302_o-600x600.jpg 600w, https:\/\/activebase.store\/wp-content\/uploads\/2024\/10\/14205992_10202019892056457_760008484326199302_o-100x100.jpg 100w\" sizes=\"auto, (max-width: 1932px) 100vw, 1932px\" \/>    \n        <\/div>\n    <!-- \/image-wrap -->\n    \n        <\/div>\n<!-- \/module image -->        <\/div>\n                    <div  data-lazy=\"1\" class=\"module_column sub_column col4-2 tb_y9um755 last\">\n                    <!-- module text -->\n<div  class=\"module module-text tb_hirn975   \" data-lazy=\"1\">\n        <div  class=\"tb_text_wrap\">\n        <p>Aur\u00e9lie M.\u00a0<br>Service client<\/p>    <\/div>\n<\/div>\n<!-- \/module text -->        <\/div>\n                    <\/div>\n                <\/div>\n                        <\/div>\n        <\/div>\n                        <div  data-lazy=\"1\" class=\"module_row themify_builder_row tb_ud8a917 tf_w wow\" data-tf-animation=\"fadeInUp\" data-tf-animation_delay=\"0.3\">\n                        <div class=\"row_inner col_align_top tb_col_count_1 tf_box tf_rel\">\n                        <div  data-lazy=\"1\" class=\"module_column tb-column col-full tb_xyit918 first\">\n                    <!-- module plain text -->\n<div  class=\"module module-plain-text tb_emc9430 \" data-lazy=\"1\">\n        <div class=\"tb_text_wrap\">\n    <style id=\"wpforms-css-vars-68072\">\n\t\t\t\t#wpforms-68072 {\n\t\t\t\t\n\t\t\t}\n\t\t\t<\/style>\r\n<style type=\"text\/css\">\r\n\r\n\r\n\r\n\r\n\r\n\r\n\r\n\tbody #wpforms-68072 .wpforms-submit-container .wpforms-submit, body #wpforms-68072 .wpforms-field-pagebreak button.wpforms-page-button {\r\n\t\tcolor:#ffffff ;background-color:#d36214 ;border-radius:30px ;-web-border-radius:30px ;-moz-border-radius:30px ;\t\tborder-width: 0px;\t}\r\n\r\n\tbody #wpforms-68072 .wpforms-submit-container .wpforms-submit:hover, body #wpforms-68072 .wpforms-field-pagebreak button.wpforms-page-button:hover {\r\n\tbackground-color:#ec671b;\tcolor:#ffffff;\t}\r\n\r\n\tbody #wpforms-68072 .wpforms-submit-container,\r\n\tbody #wpforms-68072 .wpforms-field-pagebreak .wpforms-pagebreak-left{\r\n\t\t}\r\n\r\n\r\n\tbody #wpforms-68072 .wpforms-form .wpforms-field input[type=text],\r\n\tbody #wpforms-68072 .wpforms-form .wpforms-field input[type=email],\r\n\tbody #wpforms-68072 .wpforms-form .wpforms-field input[type=tel],\r\n\tbody #wpforms-68072 .wpforms-form .wpforms-field input[type=url],\r\n\tbody #wpforms-68072 .wpforms-form .wpforms-field input[type=password],\r\n\tbody #wpforms-68072 .wpforms-form .wpforms-field input[type=number]\r\n\t{\r\n\t\tborder-radius:10px ;-web-border-radius:10px ;-moz-border-radius:10px ;\t\tborder-width: 1px;\t}\r\n\r\n\tbody #wpforms-68072 .wpforms-form .wpforms-field .wpforms-field-row\r\n\t{\r\n\t\t\t}\r\n\r\n\tbody #wpforms-68072 .wpforms-form .wpforms-field-layout.wpforms-field input[type=text],\r\n\tbody #wpforms-68072 .wpforms-form .wpforms-field-layout.wpforms-field input[type=email],\r\n\tbody #wpforms-68072 .wpforms-form .wpforms-field-layout.wpforms-field input[type=tel],\r\n\tbody #wpforms-68072 .wpforms-form .wpforms-field-layout.wpforms-field input[type=url],\r\n\tbody #wpforms-68072 .wpforms-form .wpforms-field-layout.wpforms-field input[type=password],\r\n\tbody #wpforms-68072 .wpforms-form .wpforms-field-layout.wpforms-field input[type=number]{\r\n\t\twidth: 100%;\r\n\t}\r\n\r\n\tbody #wpforms-68072 .wpforms-form .wpforms-field .wpforms-field-row input[type=text]{\r\n\t\twidth: 100%;\r\n\t}\r\n\r\n\r\n\r\n\r\n\r\n\tbody #wpforms-68072 .wpforms-form .wpforms-field textarea {\r\n\t\tborder-radius:10px ;-web-border-radius:10px ;-moz-border-radius:10px ;\t\t\tborder-width: 1px;\t}\r\n\r\n\r\n\r\n\r\n\r\n\/* Styling for Tablets *\/\r\n@media only screen and (max-width: 800px) and (min-width:481px) {\r\n\t\r\n\r\n\r\n\r\n}\r\n\r\n@media only screen and (max-width: 480px){\r\n\t\r\n\r\n\r\n\r\n}\r\n\/*Option to add custom CSS *\/\r\n\r\n\r\n\r\n\t\t<\/style>\r\n\t\t<div class=\"wpforms-container wpforms-container-full wpforms-render-modern\" id=\"wpforms-68072\"><form id=\"wpforms-form-68072\" class=\"wpforms-validate wpforms-form wpforms-ajax-form\" data-formid=\"68072\" method=\"post\" enctype=\"multipart\/form-data\" action=\"\/en\/wp-json\/wp\/v2\/pages\/68524?wpforms_form_id=68072\" data-token=\"08b16e89fc915ad5a6c46a53680e6d49\" data-token-time=\"1775493467\"><noscript class=\"wpforms-error-noscript\">Please enable JavaScript in your browser to complete this form.<\/noscript><div id=\"wpforms-error-noscript\" style=\"display: none;\">Please enable JavaScript in your browser to complete this form.<\/div><div class=\"wpforms-field-container\"><div id=\"wpforms-68072-field_1-container\" class=\"wpforms-field wpforms-field-name\" data-field-id=\"1\"><fieldset><legend class=\"wpforms-field-label\">Pr\u00e9nom et nom de famille <span class=\"wpforms-required-label\" aria-hidden=\"true\">*<\/span><\/legend><div class=\"wpforms-field-row wpforms-field-large\"><div class=\"wpforms-field-row-block wpforms-first wpforms-one-half\"><input type=\"text\" id=\"wpforms-68072-field_1\" class=\"wpforms-field-name-first wpforms-field-required\" name=\"wpforms[fields][1][first]\" aria-errormessage=\"wpforms-68072-field_1-error\" required><label for=\"wpforms-68072-field_1\" class=\"wpforms-field-sublabel after\">First<\/label><\/div><div class=\"wpforms-field-row-block wpforms-one-half\"><input type=\"text\" id=\"wpforms-68072-field_1-last\" class=\"wpforms-field-name-last wpforms-field-required\" name=\"wpforms[fields][1][last]\" aria-errormessage=\"wpforms-68072-field_1-last-error\" required><label for=\"wpforms-68072-field_1-last\" class=\"wpforms-field-sublabel after\">Last<\/label><\/div><\/div><\/fieldset><\/div>\t\t<div id=\"wpforms-68072-field_3-container\"\n\t\t\tclass=\"wpforms-field wpforms-field-text\"\n\t\t\tdata-field-type=\"text\"\n\t\t\tdata-field-id=\"3\"\n\t\t\t>\n\t\t\t<label class=\"wpforms-field-label\" for=\"wpforms-68072-field_3\" >postal de de<\/label>\n\t\t\t<input type=\"text\" id=\"wpforms-68072-field_3\" class=\"wpforms-field-medium\" name=\"wpforms[fields][3]\" >\n\t\t<\/div>\n\t\t<div id=\"wpforms-68072-field_2-container\" class=\"wpforms-field wpforms-field-email\" data-field-id=\"2\"><fieldset><legend class=\"wpforms-field-label\">E-mail <span class=\"wpforms-required-label\" aria-hidden=\"true\">*<\/span><\/legend><div class=\"wpforms-field-row wpforms-field-large\"><div class=\"wpforms-field-row-block wpforms-one-half wpforms-first\"><input type=\"email\" id=\"wpforms-68072-field_2\" class=\"wpforms-field-required wpforms-field-email-primary\" name=\"wpforms[fields][2][primary]\" spellcheck=\"false\" aria-errormessage=\"wpforms-68072-field_2-error\" required><label for=\"wpforms-68072-field_2\" class=\"wpforms-field-sublabel after\">Email<\/label><\/div><div class=\"wpforms-field-row-block wpforms-one-half\"><input type=\"email\" id=\"wpforms-68072-field_2-secondary\" class=\"wpforms-field-email-secondary wpforms-field-required\" data-rule-confirm=\"#wpforms-68072-field_2\" name=\"wpforms[fields][2][secondary]\" spellcheck=\"false\" aria-errormessage=\"wpforms-68072-field_2-secondary-error\" required><label for=\"wpforms-68072-field_2-secondary\" class=\"wpforms-field-sublabel after\">Confirm Email<\/label><\/div><\/div><\/fieldset><\/div><div id=\"wpforms-68072-field_15-container\" class=\"wpforms-field wpforms-field-text\" data-field-id=\"15\"><label class=\"wpforms-field-label\" for=\"wpforms-68072-field_15\">T\u00e9l\u00e9phone<\/label><input type=\"text\" id=\"wpforms-68072-field_15\" class=\"wpforms-field-medium\" name=\"wpforms[fields][15]\" aria-errormessage=\"wpforms-68072-field_15-error\" ><\/div><div id=\"wpforms-68072-field_9-container\" class=\"wpforms-field wpforms-field-radio wpforms-conditional-trigger\" data-field-id=\"9\"><fieldset><legend class=\"wpforms-field-label\">Votre demande concerne<\/legend><ul id=\"wpforms-68072-field_9\"><li class=\"choice-1 depth-1\"><input type=\"radio\" id=\"wpforms-68072-field_9_1\" name=\"wpforms[fields][9]\" value=\"Des renseignements sur nos produits\" aria-errormessage=\"wpforms-68072-field_9_1-error\"  ><label class=\"wpforms-field-label-inline\" for=\"wpforms-68072-field_9_1\">Des renseignements sur nos produits<\/label><\/li><li class=\"choice-6 depth-1\"><input type=\"radio\" id=\"wpforms-68072-field_9_6\" name=\"wpforms[fields][9]\" value=\"Un suivi de commande\" aria-errormessage=\"wpforms-68072-field_9_6-error\"  ><label class=\"wpforms-field-label-inline\" for=\"wpforms-68072-field_9_6\">Un suivi de commande<\/label><\/li><li class=\"choice-4 depth-1\"><input type=\"radio\" id=\"wpforms-68072-field_9_4\" name=\"wpforms[fields][9]\" value=\"Une demande de facture (elle se trouve dans votre espace client)\" aria-errormessage=\"wpforms-68072-field_9_4-error\"  ><label class=\"wpforms-field-label-inline\" for=\"wpforms-68072-field_9_4\">Une demande de facture (elle se trouve dans votre espace client)<\/label><\/li><li class=\"choice-2 depth-1\"><input type=\"radio\" id=\"wpforms-68072-field_9_2\" name=\"wpforms[fields][9]\" value=\"Service apr\u00e8s-vente\" aria-errormessage=\"wpforms-68072-field_9_2-error\"  ><label class=\"wpforms-field-label-inline\" for=\"wpforms-68072-field_9_2\">Service apr\u00e8s-vente<\/label><\/li><li class=\"choice-3 depth-1\"><input type=\"radio\" id=\"wpforms-68072-field_9_3\" name=\"wpforms[fields][9]\" value=\"Autre\" aria-errormessage=\"wpforms-68072-field_9_3-error\"  ><label class=\"wpforms-field-label-inline\" for=\"wpforms-68072-field_9_3\">Autre<\/label><\/li><\/ul><\/fieldset><\/div><div id=\"wpforms-68072-field_7-container\" class=\"wpforms-field wpforms-field-text wpforms-conditional-field wpforms-conditional-show\" data-field-id=\"7\" style=\"display:none;\"><label class=\"wpforms-field-label\" for=\"wpforms-68072-field_7\">Pays de livraison (si autre que France)<\/label><input type=\"text\" id=\"wpforms-68072-field_7\" class=\"wpforms-field-medium\" name=\"wpforms[fields][7]\" aria-errormessage=\"wpforms-68072-field_7-error\" ><\/div><div id=\"wpforms-68072-field_10-container\" class=\"wpforms-field wpforms-field-text wpforms-conditional-field wpforms-conditional-show\" data-field-id=\"10\" style=\"display:none;\"><label class=\"wpforms-field-label\" for=\"wpforms-68072-field_10\">Quel est votre N\u00b0 de commande ? <span class=\"wpforms-required-label\" aria-hidden=\"true\">*<\/span><\/label><input type=\"text\" id=\"wpforms-68072-field_10\" class=\"wpforms-field-medium wpforms-field-required\" name=\"wpforms[fields][10]\" aria-errormessage=\"wpforms-68072-field_10-error\" required><\/div><div id=\"wpforms-68072-field_11-container\" class=\"wpforms-field wpforms-field-text wpforms-conditional-field wpforms-conditional-show\" data-field-id=\"11\" style=\"display:none;\"><label class=\"wpforms-field-label\" for=\"wpforms-68072-field_11\">Votre adresse : N\u00b0 de rue et nom de la rue <span class=\"wpforms-required-label\" aria-hidden=\"true\">*<\/span><\/label><input type=\"text\" id=\"wpforms-68072-field_11\" class=\"wpforms-field-medium wpforms-field-required\" name=\"wpforms[fields][11]\" aria-errormessage=\"wpforms-68072-field_11-error\" required><\/div><div id=\"wpforms-68072-field_12-container\" class=\"wpforms-field wpforms-field-text wpforms-conditional-field wpforms-conditional-show\" data-field-id=\"12\" style=\"display:none;\"><label class=\"wpforms-field-label\" for=\"wpforms-68072-field_12\">Code postal <span class=\"wpforms-required-label\" aria-hidden=\"true\">*<\/span><\/label><input type=\"text\" id=\"wpforms-68072-field_12\" class=\"wpforms-field-medium wpforms-field-required\" name=\"wpforms[fields][12]\" aria-errormessage=\"wpforms-68072-field_12-error\" required><\/div><div id=\"wpforms-68072-field_13-container\" class=\"wpforms-field wpforms-field-text wpforms-conditional-field wpforms-conditional-show\" data-field-id=\"13\" style=\"display:none;\"><label class=\"wpforms-field-label\" for=\"wpforms-68072-field_13\">Ville <span class=\"wpforms-required-label\" aria-hidden=\"true\">*<\/span><\/label><input type=\"text\" id=\"wpforms-68072-field_13\" class=\"wpforms-field-medium wpforms-field-required\" name=\"wpforms[fields][13]\" aria-errormessage=\"wpforms-68072-field_13-error\" required><\/div><div id=\"wpforms-68072-field_14-container\" class=\"wpforms-field wpforms-field-text wpforms-conditional-field wpforms-conditional-show\" data-field-id=\"14\" style=\"display:none;\"><label class=\"wpforms-field-label\" for=\"wpforms-68072-field_14\">Pays <span class=\"wpforms-required-label\" aria-hidden=\"true\">*<\/span><\/label><input type=\"text\" id=\"wpforms-68072-field_14\" class=\"wpforms-field-medium wpforms-field-required\" name=\"wpforms[fields][14]\" aria-errormessage=\"wpforms-68072-field_14-error\" required><\/div><div id=\"wpforms-68072-field_5-container\" class=\"wpforms-field wpforms-field-textarea\" data-field-id=\"5\"><label class=\"wpforms-field-label\" for=\"wpforms-68072-field_5\">Votre message<\/label><textarea id=\"wpforms-68072-field_5\" class=\"wpforms-field-medium\" name=\"wpforms[fields][5]\" aria-errormessage=\"wpforms-68072-field_5-error\" ><\/textarea><\/div><div id=\"wpforms-68072-field_6-container\" class=\"wpforms-field wpforms-field-file-upload\" data-field-id=\"6\"><label class=\"wpforms-field-label\" for=\"wpforms-68072-field_6\">T\u00e9l\u00e9versement de fichier(s)<\/label><div\n\t\tclass=\"wpforms-uploader \"\n\t\tdata-field-id=\"6\"\n\t\tdata-form-id=\"68072\"\n\t\tdata-input-name=\"wpforms_68072_6\"\n\t\tdata-extensions=\"jpg,png,pdf\"\n\t\tdata-max-size=\"10485760\"\n\t\tdata-max-file-number=\"5\"\n\t\tdata-post-max-size=\"314572800\"\n\t\tdata-max-parallel-uploads=\"4\"\n\t\tdata-parallel-uploads=\"true\"\n\t\tdata-file-chunk-size=\"2097152\">\n\t<div class=\"dz-message\">\n\t\t<svg  viewBox=\"0 0 640 640\" focusable=\"false\" data-icon=\"inbox\" width=\"50px\" height=\"50px\" fill=\"currentColor\" aria-hidden=\"true\">\n\t\t\t<path d=\"M352 173.3L352 384C352 401.7 337.7 416 320 416C302.3 416 288 401.7 288 384L288 173.3L246.6 214.7C234.1 227.2 213.8 227.2 201.3 214.7C188.8 202.2 188.8 181.9 201.3 169.4L297.3 73.4C309.8 60.9 330.1 60.9 342.6 73.4L438.6 169.4C451.1 181.9 451.1 202.2 438.6 214.7C426.1 227.2 405.8 227.2 393.3 214.7L352 173.3zM320 464C364.2 464 400 428.2 400 384L480 384C515.3 384 544 412.7 544 448L544 480C544 515.3 515.3 544 480 544L160 544C124.7 544 96 515.3 96 480L96 448C96 412.7 124.7 384 160 384L240 384C240 428.2 275.8 464 320 464zM464 488C477.3 488 488 477.3 488 464C488 450.7 477.3 440 464 440C450.7 440 440 450.7 440 464C440 477.3 450.7 488 464 488z\"\/>\n\t\t<\/svg>\n\n\t\t<span class=\"modern-title\">\n\t\t\t\t\t\t\tDrag &amp; Drop Files, \t\t\t\t<span>Choose Files to Upload<\/span>\n\t\t\t\t\t<\/span>\n\n\t\t\t\t\t<span class=\"modern-hint\">You can upload up to 5 files.<\/span>\n\t\t\t<\/div>\n<\/div>\n\n<input\n\t\ttype=\"text\"\n\t\tautocomplete=\"off\"\n\t\treadonly\n\t\tclass=\"dropzone-input\"\n\t\tstyle=\"position:absolute!important;clip:rect(0,0,0,0)!important;height:1px!important;width:1px!important;border:0!important;overflow:hidden!important;padding:0!important;margin:0!important;\"\n\t\tid=\"wpforms-68072-field_6\"\n\t\tname=\"wpforms_68072_6\" \t\tvalue=\"\">\n<div id=\"wpforms-68072-field_6-description\" class=\"wpforms-field-description\">Fichiers format JPG, PNG ou PDF (10 Mo max par fichier)<\/div><\/div><script>\n\t\t\t\t( function() {\n\t\t\t\t\tconst style = document.createElement( 'style' );\n\t\t\t\t\tstyle.appendChild( document.createTextNode( '#wpforms-68072-field_3-container { position: absolute !important; overflow: hidden !important; display: inline !important; height: 1px !important; width: 1px !important; z-index: -1000 !important; padding: 0 !important; } #wpforms-68072-field_3-container input { visibility: hidden; } #wpforms-conversational-form-page #wpforms-68072-field_3-container label { counter-increment: none; }' ) );\n\t\t\t\t\tdocument.head.appendChild( style );\n\t\t\t\t\tdocument.currentScript?.remove();\n\t\t\t\t} )();\n\t\t\t<\/script><\/div><!-- .wpforms-field-container --><div class=\"wpforms-submit-container\" ><input type=\"hidden\" name=\"wpforms[id]\" value=\"68072\"><input type=\"hidden\" name=\"page_title\" value=\"\"><input type=\"hidden\" name=\"page_url\" value=\"https:\/\/activebase.store\/en\/wp-json\/wp\/v2\/pages\/68524\"><input type=\"hidden\" name=\"url_referer\" value=\"\"><button type=\"submit\" name=\"wpforms[submit]\" id=\"wpforms-submit-68072\" class=\"wpforms-submit\" data-alt-text=\"Envoi...\" data-submit-text=\"Envoyer\" aria-live=\"assertive\" value=\"wpforms-submit\">Envoyer<\/button><img loading=\"lazy\" decoding=\"async\" src=\"https:\/\/activebase.store\/wp-content\/plugins\/wpforms\/assets\/images\/submit-spin.svg\" class=\"wpforms-submit-spinner\" style=\"display: none;\" width=\"26\" height=\"26\" alt=\"Loading\"><\/div><\/form><\/div>  <!-- .wpforms-container -->    <\/div>\n<\/div>\n<!-- \/module plain text -->        <\/div>\n                        <\/div>\n        <\/div>\n                        <div  data-css_id=\"vd5i229\" data-lazy=\"1\" class=\"module_row themify_builder_row fullwidth tb_vd5i229 tf_w\">\n                        <div class=\"row_inner col_align_top tb_col_count_1 tf_box tf_rel\">\n                        <div  data-lazy=\"1\" class=\"module_column tb-column col-full tb_jdef229 first\">\n                    <!-- module image -->\n<div  class=\"module module-image tb_jns3475 image-top   auto_fullwidth tf_mw\" data-lazy=\"1\">\n        <div class=\"image-wrap tf_rel tf_mw\">\n            <img loading=\"lazy\" decoding=\"async\" width=\"1706\" height=\"2560\" src=\"https:\/\/activebase.store\/wp-content\/uploads\/2024\/03\/siege-dynamique-dorsalgie-scaled.jpeg\" class=\"wp-post-image wp-image-68162\" title=\"siege-dynamique-dorsalgie\" alt=\"siege-dynamique-dorsalgie\" srcset=\"https:\/\/activebase.store\/wp-content\/uploads\/2024\/03\/siege-dynamique-dorsalgie-scaled.jpeg 1706w, https:\/\/activebase.store\/wp-content\/uploads\/2024\/03\/siege-dynamique-dorsalgie-scaled-300x450.jpeg 300w, https:\/\/activebase.store\/wp-content\/uploads\/2024\/03\/siege-dynamique-dorsalgie-scaled-600x900.jpeg 600w, https:\/\/activebase.store\/wp-content\/uploads\/2024\/03\/siege-dynamique-dorsalgie-200x300.jpeg 200w, https:\/\/activebase.store\/wp-content\/uploads\/2024\/03\/siege-dynamique-dorsalgie-683x1024.jpeg 683w, https:\/\/activebase.store\/wp-content\/uploads\/2024\/03\/siege-dynamique-dorsalgie-768x1152.jpeg 768w, https:\/\/activebase.store\/wp-content\/uploads\/2024\/03\/siege-dynamique-dorsalgie-1024x1536.jpeg 1024w, https:\/\/activebase.store\/wp-content\/uploads\/2024\/03\/siege-dynamique-dorsalgie-1365x2048.jpeg 1365w, https:\/\/activebase.store\/wp-content\/uploads\/2024\/03\/siege-dynamique-dorsalgie-8x12.jpeg 8w\" sizes=\"auto, (max-width: 1706px) 100vw, 1706px\" \/>    \n        <\/div>\n    <!-- \/image-wrap -->\n    \n        <\/div>\n<!-- \/module image -->        <\/div>\n                        <\/div>\n        <\/div>\n        <\/div>\n<!--\/themify_builder_content-->","protected":false},"excerpt":{"rendered":"<p>Contact Do you have a question or a specific requirement regarding our product? Please do not hesitate to contact us. We will get back to you as soon as possible. The ACTIVEBASE team Aur\u00e9lie M. Customer service<\/p>","protected":false},"author":15,"featured_media":68887,"parent":0,"menu_order":0,"comment_status":"closed","ping_status":"closed","template":"","meta":{"_acf_changed":false,"_monsterinsights_skip_tracking":false,"_monsterinsights_sitenote_active":false,"_monsterinsights_sitenote_note":"","_monsterinsights_sitenote_category":0,"footnotes":""},"class_list":["post-68524","page","type-page","status-publish","has-post-thumbnail","hentry","has-post-title","has-post-date","has-post-category","has-post-tag","has-post-comment","has-post-author",""],"acf":[],"builder_content":"<h1>Contact<\/h1> <p>Une question, un besoin particulier par rapport \u00e0 notre produit ? N'h\u00e9sitez pas \u00e0 nous \u00e9crire. Nous reviendrons vers vous rapidement.<\/p> <p><strong><em>L\u2019\u00e9quipe ACTIVEBASE<\/em><\/strong><\/p>\n<img src=\"https:\/\/activebase.store\/wp-content\/uploads\/2024\/10\/14205992_10202019892056457_760008484326199302_o.jpg\" title=\"14205992_10202019892056457_760008484326199302_o\" alt=\"14205992_10202019892056457_760008484326199302_o\" srcset=\"https:\/\/activebase.store\/wp-content\/uploads\/2024\/10\/14205992_10202019892056457_760008484326199302_o.jpg 1932w, https:\/\/activebase.store\/wp-content\/uploads\/2024\/10\/14205992_10202019892056457_760008484326199302_o-300x300.jpg 300w, https:\/\/activebase.store\/wp-content\/uploads\/2024\/10\/14205992_10202019892056457_760008484326199302_o-1024x1024.jpg 1024w, https:\/\/activebase.store\/wp-content\/uploads\/2024\/10\/14205992_10202019892056457_760008484326199302_o-150x150.jpg 150w, https:\/\/activebase.store\/wp-content\/uploads\/2024\/10\/14205992_10202019892056457_760008484326199302_o-768x768.jpg 768w, https:\/\/activebase.store\/wp-content\/uploads\/2024\/10\/14205992_10202019892056457_760008484326199302_o-1536x1536.jpg 1536w, https:\/\/activebase.store\/wp-content\/uploads\/2024\/10\/14205992_10202019892056457_760008484326199302_o-12x12.jpg 12w, https:\/\/activebase.store\/wp-content\/uploads\/2024\/10\/14205992_10202019892056457_760008484326199302_o-600x600.jpg 600w, https:\/\/activebase.store\/wp-content\/uploads\/2024\/10\/14205992_10202019892056457_760008484326199302_o-100x100.jpg 100w\" sizes=\"(max-width: 1932px) 100vw, 1932px\" \/>\n<p>Aur\u00e9lie M.\u00a0<br>Service client<\/p>\n[wpforms id=\"68072\"]\n<img src=\"https:\/\/activebase.store\/wp-content\/uploads\/2024\/03\/siege-dynamique-dorsalgie-scaled.jpeg\" title=\"siege-dynamique-dorsalgie\" alt=\"siege-dynamique-dorsalgie\" srcset=\"https:\/\/activebase.store\/wp-content\/uploads\/2024\/03\/siege-dynamique-dorsalgie-scaled.jpeg 1706w, https:\/\/activebase.store\/wp-content\/uploads\/2024\/03\/siege-dynamique-dorsalgie-scaled-300x450.jpeg 300w, https:\/\/activebase.store\/wp-content\/uploads\/2024\/03\/siege-dynamique-dorsalgie-scaled-600x900.jpeg 600w, https:\/\/activebase.store\/wp-content\/uploads\/2024\/03\/siege-dynamique-dorsalgie-200x300.jpeg 200w, https:\/\/activebase.store\/wp-content\/uploads\/2024\/03\/siege-dynamique-dorsalgie-683x1024.jpeg 683w, https:\/\/activebase.store\/wp-content\/uploads\/2024\/03\/siege-dynamique-dorsalgie-768x1152.jpeg 768w, https:\/\/activebase.store\/wp-content\/uploads\/2024\/03\/siege-dynamique-dorsalgie-1024x1536.jpeg 1024w, https:\/\/activebase.store\/wp-content\/uploads\/2024\/03\/siege-dynamique-dorsalgie-1365x2048.jpeg 1365w, https:\/\/activebase.store\/wp-content\/uploads\/2024\/03\/siege-dynamique-dorsalgie-8x12.jpeg 8w\" sizes=\"(max-width: 1706px) 100vw, 1706px\" \/>","_links":{"self":[{"href":"https:\/\/activebase.store\/en\/wp-json\/wp\/v2\/pages\/68524","targetHints":{"allow":["GET"]}}],"collection":[{"href":"https:\/\/activebase.store\/en\/wp-json\/wp\/v2\/pages"}],"about":[{"href":"https:\/\/activebase.store\/en\/wp-json\/wp\/v2\/types\/page"}],"author":[{"embeddable":true,"href":"https:\/\/activebase.store\/en\/wp-json\/wp\/v2\/users\/15"}],"replies":[{"embeddable":true,"href":"https:\/\/activebase.store\/en\/wp-json\/wp\/v2\/comments?post=68524"}],"version-history":[{"count":0,"href":"https:\/\/activebase.store\/en\/wp-json\/wp\/v2\/pages\/68524\/revisions"}],"wp:featuredmedia":[{"embeddable":true,"href":"https:\/\/activebase.store\/en\/wp-json\/wp\/v2\/media\/68887"}],"wp:attachment":[{"href":"https:\/\/activebase.store\/en\/wp-json\/wp\/v2\/media?parent=68524"}],"curies":[{"name":"wp","href":"https:\/\/api.w.org\/{rel}","templated":true}]}}