{"id":68743,"date":"2024-04-21T07:59:22","date_gmt":"2024-04-21T05:59:22","guid":{"rendered":"https:\/\/vigilant-almeida.54-38-5-165.plesk.page\/?page_id=68743"},"modified":"2024-05-11T17:11:03","modified_gmt":"2024-05-11T15:11:03","slug":"back-pain-advice","status":"publish","type":"page","link":"https:\/\/activebase.store\/en\/conseils-maux-de-dos\/","title":{"rendered":"Advice on back pain"},"content":{"rendered":"<!--themify_builder_content-->\n<div id=\"themify_builder_content-68743\" data-postid=\"68743\" class=\"themify_builder_content themify_builder_content-68743 themify_builder tf_clear\">\n                    <div  data-css_id=\"f719381\" data-lazy=\"1\" class=\"module_row themify_builder_row fullwidth_row_container tb_f719381 tb_first tf_w\">\n                        <div class=\"row_inner col_align_top tb_col_count_1 tf_box tf_rel\">\n                        <div  data-lazy=\"1\" class=\"module_column tb-column col-full tb_7ysr382 first\">\n                    <!-- module text -->\n<div  class=\"module module-text tb_kcm2980    wow\" data-tf-animation=\"fadeInDown\" data-tf-animation_delay=\"0.5\" data-lazy=\"1\">\n        <div  class=\"tb_text_wrap\">\n        <h1>Nos conseils pour le mal de dos<\/h1>    <\/div>\n<\/div>\n<!-- \/module text -->        <\/div>\n                        <\/div>\n        <\/div>\n                        <div  data-lazy=\"1\" class=\"module_row themify_builder_row tb_atem820 tf_w\">\n                        <div class=\"row_inner col_align_top tb_col_count_1 tf_box tf_rel\">\n                        <div  data-lazy=\"1\" class=\"module_column tb-column col-full tb_p7hp820 first\">\n                    <!-- module post -->\n<div  class=\"module module-post tb_w1ew820  hide-tablet hide-mobile\">\n    <div  class=\"builder-posts-wrap loops-wrapper list-thumb-image tf_clear tf_clearfix\" data-lazy=\"1\">\n    <article id=\"post-65494\" class=\"post tf_clearfix post-65494 type-post status-publish format-standard has-post-thumbnail hentry category-conseils-maux-de-dos has-post-title no-post-date has-post-category has-post-tag has-post-comment has-post-author \">\n\t    \n\t                <figure class=\"post-image tf_clearfix\">\n                                                            <a href=\"https:\/\/activebase.store\/en\/5-conseils-que-vous-auriez-aime-avoir-quand-vous-avez-commence-a-avoir-mal-au-dos\/\">\n                                        <img loading=\"lazy\" decoding=\"async\" width=\"1600\" height=\"1067\" src=\"https:\/\/activebase.store\/wp-content\/uploads\/2022\/03\/yoga-exercice-activebase3.jpg\" class=\"wp-post-image wp-image-69732\" title=\"yoga-exercice-activebase3\" alt=\"yoga-exercice-activebase3\" srcset=\"https:\/\/activebase.store\/wp-content\/uploads\/2022\/03\/yoga-exercice-activebase3.jpg 1600w, https:\/\/activebase.store\/wp-content\/uploads\/2022\/03\/yoga-exercice-activebase3-300x200.jpg 300w, https:\/\/activebase.store\/wp-content\/uploads\/2022\/03\/yoga-exercice-activebase3-600x400.jpg 600w, https:\/\/activebase.store\/wp-content\/uploads\/2022\/03\/yoga-exercice-activebase3-1024x683.jpg 1024w, https:\/\/activebase.store\/wp-content\/uploads\/2022\/03\/yoga-exercice-activebase3-768x512.jpg 768w, https:\/\/activebase.store\/wp-content\/uploads\/2022\/03\/yoga-exercice-activebase3-1536x1024.jpg 1536w, https:\/\/activebase.store\/wp-content\/uploads\/2022\/03\/yoga-exercice-activebase3-18x12.jpg 18w\" sizes=\"auto, (max-width: 1600px) 100vw, 1600px\" \/>                                                                    <\/a>\n                                                                <\/figure>\n                    \t<div class=\"post-content\">\n\t\t<div class=\"post-content-inner\">\n\n\t\t\t\n\t\t\t<h2 class=\"post-title entry-title\"><a href=\"https:\/\/activebase.store\/en\/5-conseils-que-vous-auriez-aime-avoir-quand-vous-avez-commence-a-avoir-mal-au-dos\/\">5 conseils que vous auriez aim\u00e9 avoir quand vous avez commenc\u00e9 \u00e0 avoir mal au dos<\/a><\/h2>\n\t\t\t\n\t\t\t\n\t\t\t        <div class=\"entry-content\">\n\n        \n            <p>Contrairement aux id\u00e9es re\u00e7ues le mal de dos n\u2019est pas une douleur corporelle qui apparait en un claquement de doigts. C\u2019est bien souvent un processus plut\u00f4t long qui est la cons\u00e9quences de mauvaises habitudes r\u00e9p\u00e9t\u00e9es au quotidien. Les maux de dos ne sont pas rares, au contraire, on compte que 8\u00e0% \u00e0 90% sont \u00e0 l\u2019origine de consultations en ost\u00e9opathie [&hellip;]<\/p>\n\n                \n            \n        <\/div><!-- \/.entry-content -->\n        \n\t\t<\/div>\n\t\t<!-- \/.post-content-inner -->\n\t<\/div>\n\t<!-- \/.post-content -->\n\t\n<\/article>\n<!-- \/.post -->\n<article id=\"post-65039\" class=\"post tf_clearfix post-65039 type-post status-publish format-standard has-post-thumbnail hentry category-conseils-maux-de-dos has-post-title no-post-date has-post-category has-post-tag has-post-comment has-post-author \">\n\t    \n\t                <figure class=\"post-image tf_clearfix\">\n                                                            <a href=\"https:\/\/activebase.store\/en\/la-cause-n1-du-mal-de-dos-et-comment-le-soigner\/\">\n                                        <img loading=\"lazy\" decoding=\"async\" width=\"1200\" height=\"800\" src=\"https:\/\/activebase.store\/wp-content\/uploads\/2022\/03\/yoga-exercice-activebase1.jpg\" class=\"wp-post-image wp-image-69730\" title=\"yoga-exercice-activebase1\" alt=\"yoga-exercice-activebase1\" srcset=\"https:\/\/activebase.store\/wp-content\/uploads\/2022\/03\/yoga-exercice-activebase1.jpg 1200w, https:\/\/activebase.store\/wp-content\/uploads\/2022\/03\/yoga-exercice-activebase1-300x200.jpg 300w, https:\/\/activebase.store\/wp-content\/uploads\/2022\/03\/yoga-exercice-activebase1-600x400.jpg 600w, https:\/\/activebase.store\/wp-content\/uploads\/2022\/03\/yoga-exercice-activebase1-1024x683.jpg 1024w, https:\/\/activebase.store\/wp-content\/uploads\/2022\/03\/yoga-exercice-activebase1-768x512.jpg 768w, https:\/\/activebase.store\/wp-content\/uploads\/2022\/03\/yoga-exercice-activebase1-18x12.jpg 18w\" sizes=\"auto, (max-width: 1200px) 100vw, 1200px\" \/>                                                                    <\/a>\n                                                                <\/figure>\n                    \t<div class=\"post-content\">\n\t\t<div class=\"post-content-inner\">\n\n\t\t\t\n\t\t\t<h2 class=\"post-title entry-title\"><a href=\"https:\/\/activebase.store\/en\/la-cause-n1-du-mal-de-dos-et-comment-le-soigner\/\">La cause n\u00b01 du mal de dos et comment le soigner<\/a><\/h2>\n\t\t\t\n\t\t\t\n\t\t\t        <div class=\"entry-content\">\n\n        \n            <p>Qu\u2019est-ce qu\u2019un mal de dos&nbsp;? Mal de dos, ou bien lombalgie, est l\u2019un des principaux motifs de consultation les plus utilis\u00e9s par les patients. Si cette pathologie touche en g\u00e9n\u00e9ral un public plut\u00f4t \u00e2g\u00e9 de plus de 65 ans, il arrive que des personnes plus jeunes en souffrent \u00e9galement. Et cela de plus en plus t\u00f4t. Dans la majorit\u00e9 des [&hellip;]<\/p>\n\n                \n            \n        <\/div><!-- \/.entry-content -->\n        \n\t\t<\/div>\n\t\t<!-- \/.post-content-inner -->\n\t<\/div>\n\t<!-- \/.post-content -->\n\t\n<\/article>\n<!-- \/.post -->\n<article id=\"post-63396\" class=\"post tf_clearfix post-63396 type-post status-publish format-standard has-post-thumbnail hentry category-conseils-maux-de-dos has-post-title no-post-date has-post-category has-post-tag has-post-comment has-post-author \">\n\t    \n\t                <figure class=\"post-image tf_clearfix\">\n                                                            <a href=\"https:\/\/activebase.store\/en\/5-bonnes-resolutions-pour-votre-dos-en-2022\/\">\n                                        <img loading=\"lazy\" decoding=\"async\" width=\"603\" height=\"400\" src=\"https:\/\/activebase.store\/wp-content\/uploads\/2022\/03\/yoga-exercice-activebase.png\" class=\"wp-post-image wp-image-69729\" title=\"yoga-exercice-activebase\" alt=\"yoga-exercice-activebase\" srcset=\"https:\/\/activebase.store\/wp-content\/uploads\/2022\/03\/yoga-exercice-activebase.png 603w, https:\/\/activebase.store\/wp-content\/uploads\/2022\/03\/yoga-exercice-activebase-300x199.png 300w, https:\/\/activebase.store\/wp-content\/uploads\/2022\/03\/yoga-exercice-activebase-600x398.png 600w, https:\/\/activebase.store\/wp-content\/uploads\/2022\/03\/yoga-exercice-activebase-18x12.png 18w\" sizes=\"auto, (max-width: 603px) 100vw, 603px\" \/>                                                                    <\/a>\n                                                                <\/figure>\n                    \t<div class=\"post-content\">\n\t\t<div class=\"post-content-inner\">\n\n\t\t\t\n\t\t\t<h2 class=\"post-title entry-title\"><a href=\"https:\/\/activebase.store\/en\/5-bonnes-resolutions-pour-votre-dos-en-2022\/\">5 bonnes r\u00e9solutions pour votre dos en 2022<\/a><\/h2>\n\t\t\t\n\t\t\t\n\t\t\t        <div class=\"entry-content\">\n\n        \n            <p>2022 d\u00e9bute \u00e0 peine, avec son lot de bonnes r\u00e9solutions \u00e0 prendre&nbsp;! Et si vous profitiez de cette nouvelle ann\u00e9e pour r\u00e9soudre ces probl\u00e8mes de maux de dos qui vous contraignent dans votre quotidien&nbsp;? En 2022, faites le choix d&rsquo;un mode de vie sans douleurs et d&rsquo;une mobilit\u00e9 retrouv\u00e9e dans vos mouvements. Parce que chez ActiveBase on est sympa, on [&hellip;]<\/p>\n\n                \n            \n        <\/div><!-- \/.entry-content -->\n        \n\t\t<\/div>\n\t\t<!-- \/.post-content-inner -->\n\t<\/div>\n\t<!-- \/.post-content -->\n\t\n<\/article>\n<!-- \/.post -->\n<article id=\"post-62696\" class=\"post tf_clearfix post-62696 type-post status-publish format-standard has-post-thumbnail hentry category-conseils-maux-de-dos has-post-title no-post-date has-post-category has-post-tag has-post-comment has-post-author \">\n\t    \n\t                <figure class=\"post-image tf_clearfix\">\n                                                            <a href=\"https:\/\/activebase.store\/en\/les-bienfaits-du-yoga-sur-votre-dos\/\">\n                                        <img loading=\"lazy\" decoding=\"async\" width=\"1460\" height=\"800\" src=\"https:\/\/activebase.store\/wp-content\/uploads\/2022\/03\/yoga-exercice-activebase2.jpg\" class=\"wp-post-image wp-image-69731\" title=\"yoga-exercice-activebase2\" alt=\"yoga-exercice-activebase2\" srcset=\"https:\/\/activebase.store\/wp-content\/uploads\/2022\/03\/yoga-exercice-activebase2.jpg 1460w, https:\/\/activebase.store\/wp-content\/uploads\/2022\/03\/yoga-exercice-activebase2-300x164.jpg 300w, https:\/\/activebase.store\/wp-content\/uploads\/2022\/03\/yoga-exercice-activebase2-600x329.jpg 600w, https:\/\/activebase.store\/wp-content\/uploads\/2022\/03\/yoga-exercice-activebase2-1024x561.jpg 1024w, https:\/\/activebase.store\/wp-content\/uploads\/2022\/03\/yoga-exercice-activebase2-768x421.jpg 768w, https:\/\/activebase.store\/wp-content\/uploads\/2022\/03\/yoga-exercice-activebase2-18x10.jpg 18w\" sizes=\"auto, (max-width: 1460px) 100vw, 1460px\" \/>                                                                    <\/a>\n                                                                <\/figure>\n                    \t<div class=\"post-content\">\n\t\t<div class=\"post-content-inner\">\n\n\t\t\t\n\t\t\t<h2 class=\"post-title entry-title\"><a href=\"https:\/\/activebase.store\/en\/les-bienfaits-du-yoga-sur-votre-dos\/\">Yoga&nbsp;: 5 positions pour soulager son dos<\/a><\/h2>\n\t\t\t\n\t\t\t\n\t\t\t        <div class=\"entry-content\">\n\n        \n            <p>Le yoga, au del\u00e0 de ses bienfaits physiques et mentaux est un excellent rem\u00e8de contre les douleurs du dos, et ce, pour plusieurs raisons&nbsp;: il permet de r\u00e9\u00e9quilibrer la colonne vert\u00e9brale de muscler le dos et d&rsquo;apaiser les douleurs dorsales. Comment le yoga soulage-t-il votre mal de dos&nbsp;? Le yoga est une tr\u00e8s bonne m\u00e9thode pour rem\u00e9dier au mal de [&hellip;]<\/p>\n\n                \n            \n        <\/div><!-- \/.entry-content -->\n        \n\t\t<\/div>\n\t\t<!-- \/.post-content-inner -->\n\t<\/div>\n\t<!-- \/.post-content -->\n\t\n<\/article>\n<!-- \/.post -->\n    <\/div><!-- .builder-posts-wrap -->\n            <\/div>\n<!-- \/module post -->\n    <!-- module post -->\n<div  class=\"module module-post tb_e2nm723  hide-desktop hide-tablet_landscape\">\n    <div  class=\"builder-posts-wrap loops-wrapper grid2 masonry tf_rel tf_clear tf_clearfix\" data-lazy=\"1\">\n    <article id=\"post-65494\" class=\"post tf_clearfix post-65494 type-post status-publish format-standard has-post-thumbnail hentry category-conseils-maux-de-dos has-post-title no-post-date has-post-category has-post-tag has-post-comment has-post-author \">\n\t    \n\t                <figure class=\"post-image tf_clearfix\">\n                                                            <a href=\"https:\/\/activebase.store\/en\/5-conseils-que-vous-auriez-aime-avoir-quand-vous-avez-commence-a-avoir-mal-au-dos\/\">\n                                        <img loading=\"lazy\" decoding=\"async\" width=\"1600\" height=\"1067\" src=\"https:\/\/activebase.store\/wp-content\/uploads\/2022\/03\/yoga-exercice-activebase3.jpg\" class=\"wp-post-image wp-image-69732\" title=\"yoga-exercice-activebase3\" alt=\"yoga-exercice-activebase3\" srcset=\"https:\/\/activebase.store\/wp-content\/uploads\/2022\/03\/yoga-exercice-activebase3.jpg 1600w, https:\/\/activebase.store\/wp-content\/uploads\/2022\/03\/yoga-exercice-activebase3-300x200.jpg 300w, https:\/\/activebase.store\/wp-content\/uploads\/2022\/03\/yoga-exercice-activebase3-600x400.jpg 600w, https:\/\/activebase.store\/wp-content\/uploads\/2022\/03\/yoga-exercice-activebase3-1024x683.jpg 1024w, https:\/\/activebase.store\/wp-content\/uploads\/2022\/03\/yoga-exercice-activebase3-768x512.jpg 768w, https:\/\/activebase.store\/wp-content\/uploads\/2022\/03\/yoga-exercice-activebase3-1536x1024.jpg 1536w, https:\/\/activebase.store\/wp-content\/uploads\/2022\/03\/yoga-exercice-activebase3-18x12.jpg 18w\" sizes=\"auto, (max-width: 1600px) 100vw, 1600px\" \/>                                                                    <\/a>\n                                                                <\/figure>\n                    \t<div class=\"post-content\">\n\t\t<div class=\"post-content-inner\">\n\n\t\t\t\n\t\t\t<h2 class=\"post-title entry-title\"><a href=\"https:\/\/activebase.store\/en\/5-conseils-que-vous-auriez-aime-avoir-quand-vous-avez-commence-a-avoir-mal-au-dos\/\">5 conseils que vous auriez aim\u00e9 avoir quand vous avez commenc\u00e9 \u00e0 avoir mal au dos<\/a><\/h2>\n\t\t\t\n\t\t\t\n\t\t\t        <div class=\"entry-content\">\n\n        \n            <p>Contrairement aux id\u00e9es re\u00e7ues le mal de dos n\u2019est pas une douleur corporelle qui apparait en un claquement de doigts. [&hellip;]<\/p>\n\n                \n            \n        <\/div><!-- \/.entry-content -->\n        \n\t\t<\/div>\n\t\t<!-- \/.post-content-inner -->\n\t<\/div>\n\t<!-- \/.post-content -->\n\t\n<\/article>\n<!-- \/.post -->\n<article id=\"post-65039\" class=\"post tf_clearfix post-65039 type-post status-publish format-standard has-post-thumbnail hentry category-conseils-maux-de-dos has-post-title no-post-date has-post-category has-post-tag has-post-comment has-post-author \">\n\t    \n\t                <figure class=\"post-image tf_clearfix\">\n                                                            <a href=\"https:\/\/activebase.store\/en\/la-cause-n1-du-mal-de-dos-et-comment-le-soigner\/\">\n                                        <img loading=\"lazy\" decoding=\"async\" width=\"1200\" height=\"800\" src=\"https:\/\/activebase.store\/wp-content\/uploads\/2022\/03\/yoga-exercice-activebase1.jpg\" class=\"wp-post-image wp-image-69730\" title=\"yoga-exercice-activebase1\" alt=\"yoga-exercice-activebase1\" srcset=\"https:\/\/activebase.store\/wp-content\/uploads\/2022\/03\/yoga-exercice-activebase1.jpg 1200w, https:\/\/activebase.store\/wp-content\/uploads\/2022\/03\/yoga-exercice-activebase1-300x200.jpg 300w, https:\/\/activebase.store\/wp-content\/uploads\/2022\/03\/yoga-exercice-activebase1-600x400.jpg 600w, https:\/\/activebase.store\/wp-content\/uploads\/2022\/03\/yoga-exercice-activebase1-1024x683.jpg 1024w, https:\/\/activebase.store\/wp-content\/uploads\/2022\/03\/yoga-exercice-activebase1-768x512.jpg 768w, https:\/\/activebase.store\/wp-content\/uploads\/2022\/03\/yoga-exercice-activebase1-18x12.jpg 18w\" sizes=\"auto, (max-width: 1200px) 100vw, 1200px\" \/>                                                                    <\/a>\n                                                                <\/figure>\n                    \t<div class=\"post-content\">\n\t\t<div class=\"post-content-inner\">\n\n\t\t\t\n\t\t\t<h2 class=\"post-title entry-title\"><a href=\"https:\/\/activebase.store\/en\/la-cause-n1-du-mal-de-dos-et-comment-le-soigner\/\">La cause n\u00b01 du mal de dos et comment le soigner<\/a><\/h2>\n\t\t\t\n\t\t\t\n\t\t\t        <div class=\"entry-content\">\n\n        \n            <p>Qu\u2019est-ce qu\u2019un mal de dos&nbsp;? Mal de dos, ou bien lombalgie, est l\u2019un des principaux motifs de consultation les plus [&hellip;]<\/p>\n\n                \n            \n        <\/div><!-- \/.entry-content -->\n        \n\t\t<\/div>\n\t\t<!-- \/.post-content-inner -->\n\t<\/div>\n\t<!-- \/.post-content -->\n\t\n<\/article>\n<!-- \/.post -->\n<article id=\"post-63396\" class=\"post tf_clearfix post-63396 type-post status-publish format-standard has-post-thumbnail hentry category-conseils-maux-de-dos has-post-title no-post-date has-post-category has-post-tag has-post-comment has-post-author \">\n\t    \n\t                <figure class=\"post-image tf_clearfix\">\n                                                            <a href=\"https:\/\/activebase.store\/en\/5-bonnes-resolutions-pour-votre-dos-en-2022\/\">\n                                        <img loading=\"lazy\" decoding=\"async\" width=\"603\" height=\"400\" src=\"https:\/\/activebase.store\/wp-content\/uploads\/2022\/03\/yoga-exercice-activebase.png\" class=\"wp-post-image wp-image-69729\" title=\"yoga-exercice-activebase\" alt=\"yoga-exercice-activebase\" srcset=\"https:\/\/activebase.store\/wp-content\/uploads\/2022\/03\/yoga-exercice-activebase.png 603w, https:\/\/activebase.store\/wp-content\/uploads\/2022\/03\/yoga-exercice-activebase-300x199.png 300w, https:\/\/activebase.store\/wp-content\/uploads\/2022\/03\/yoga-exercice-activebase-600x398.png 600w, https:\/\/activebase.store\/wp-content\/uploads\/2022\/03\/yoga-exercice-activebase-18x12.png 18w\" sizes=\"auto, (max-width: 603px) 100vw, 603px\" \/>                                                                    <\/a>\n                                                                <\/figure>\n                    \t<div class=\"post-content\">\n\t\t<div class=\"post-content-inner\">\n\n\t\t\t\n\t\t\t<h2 class=\"post-title entry-title\"><a href=\"https:\/\/activebase.store\/en\/5-bonnes-resolutions-pour-votre-dos-en-2022\/\">5 bonnes r\u00e9solutions pour votre dos en 2022<\/a><\/h2>\n\t\t\t\n\t\t\t\n\t\t\t        <div class=\"entry-content\">\n\n        \n            <p>2022 d\u00e9bute \u00e0 peine, avec son lot de bonnes r\u00e9solutions \u00e0 prendre&nbsp;! Et si vous profitiez de cette nouvelle ann\u00e9e [&hellip;]<\/p>\n\n                \n            \n        <\/div><!-- \/.entry-content -->\n        \n\t\t<\/div>\n\t\t<!-- \/.post-content-inner -->\n\t<\/div>\n\t<!-- \/.post-content -->\n\t\n<\/article>\n<!-- \/.post -->\n<article id=\"post-62696\" class=\"post tf_clearfix post-62696 type-post status-publish format-standard has-post-thumbnail hentry category-conseils-maux-de-dos has-post-title no-post-date has-post-category has-post-tag has-post-comment has-post-author \">\n\t    \n\t                <figure class=\"post-image tf_clearfix\">\n                                                            <a href=\"https:\/\/activebase.store\/en\/les-bienfaits-du-yoga-sur-votre-dos\/\">\n                                        <img loading=\"lazy\" decoding=\"async\" width=\"1460\" height=\"800\" src=\"https:\/\/activebase.store\/wp-content\/uploads\/2022\/03\/yoga-exercice-activebase2.jpg\" class=\"wp-post-image wp-image-69731\" title=\"yoga-exercice-activebase2\" alt=\"yoga-exercice-activebase2\" srcset=\"https:\/\/activebase.store\/wp-content\/uploads\/2022\/03\/yoga-exercice-activebase2.jpg 1460w, https:\/\/activebase.store\/wp-content\/uploads\/2022\/03\/yoga-exercice-activebase2-300x164.jpg 300w, https:\/\/activebase.store\/wp-content\/uploads\/2022\/03\/yoga-exercice-activebase2-600x329.jpg 600w, https:\/\/activebase.store\/wp-content\/uploads\/2022\/03\/yoga-exercice-activebase2-1024x561.jpg 1024w, https:\/\/activebase.store\/wp-content\/uploads\/2022\/03\/yoga-exercice-activebase2-768x421.jpg 768w, https:\/\/activebase.store\/wp-content\/uploads\/2022\/03\/yoga-exercice-activebase2-18x10.jpg 18w\" sizes=\"auto, (max-width: 1460px) 100vw, 1460px\" \/>                                                                    <\/a>\n                                                                <\/figure>\n                    \t<div class=\"post-content\">\n\t\t<div class=\"post-content-inner\">\n\n\t\t\t\n\t\t\t<h2 class=\"post-title entry-title\"><a href=\"https:\/\/activebase.store\/en\/les-bienfaits-du-yoga-sur-votre-dos\/\">Yoga&nbsp;: 5 positions pour soulager son dos<\/a><\/h2>\n\t\t\t\n\t\t\t\n\t\t\t        <div class=\"entry-content\">\n\n        \n            <p>Le yoga, au del\u00e0 de ses bienfaits physiques et mentaux est un excellent rem\u00e8de contre les douleurs du dos, et [&hellip;]<\/p>\n\n                \n            \n        <\/div><!-- \/.entry-content -->\n        \n\t\t<\/div>\n\t\t<!-- \/.post-content-inner -->\n\t<\/div>\n\t<!-- \/.post-content -->\n\t\n<\/article>\n<!-- \/.post -->\n    <\/div><!-- .builder-posts-wrap -->\n            <\/div>\n<!-- \/module post -->\n            <\/div>\n                        <\/div>\n        <\/div>\n                        <div  data-lazy=\"1\" class=\"module_row themify_builder_row tb_tgzu657 tf_w\">\n                        <div class=\"row_inner col_align_top tb_col_count_1 tf_box tf_rel\">\n                        <div  data-lazy=\"1\" class=\"module_column tb-column col-full tb_xwsj657 first\">\n                            <\/div>\n                        <\/div>\n        <\/div>\n        <\/div>\n<!--\/themify_builder_content-->","protected":false},"excerpt":{"rendered":"<p>Our advice on back pain<\/p>","protected":false},"author":15,"featured_media":0,"parent":0,"menu_order":0,"comment_status":"closed","ping_status":"closed","template":"","meta":{"_acf_changed":false,"_monsterinsights_skip_tracking":false,"_monsterinsights_sitenote_active":false,"_monsterinsights_sitenote_note":"","_monsterinsights_sitenote_category":0,"footnotes":""},"class_list":["post-68743","page","type-page","status-publish","hentry","has-post-title","has-post-date","has-post-category","has-post-tag","has-post-comment","has-post-author",""],"acf":[],"builder_content":"<h1>Nos conseils pour le mal de dos<\/h1>","_links":{"self":[{"href":"https:\/\/activebase.store\/en\/wp-json\/wp\/v2\/pages\/68743","targetHints":{"allow":["GET"]}}],"collection":[{"href":"https:\/\/activebase.store\/en\/wp-json\/wp\/v2\/pages"}],"about":[{"href":"https:\/\/activebase.store\/en\/wp-json\/wp\/v2\/types\/page"}],"author":[{"embeddable":true,"href":"https:\/\/activebase.store\/en\/wp-json\/wp\/v2\/users\/15"}],"replies":[{"embeddable":true,"href":"https:\/\/activebase.store\/en\/wp-json\/wp\/v2\/comments?post=68743"}],"version-history":[{"count":0,"href":"https:\/\/activebase.store\/en\/wp-json\/wp\/v2\/pages\/68743\/revisions"}],"wp:attachment":[{"href":"https:\/\/activebase.store\/en\/wp-json\/wp\/v2\/media?parent=68743"}],"curies":[{"name":"wp","href":"https:\/\/api.w.org\/{rel}","templated":true}]}}