{"id":70466,"date":"2024-06-13T11:00:02","date_gmt":"2024-06-13T09:00:02","guid":{"rendered":"https:\/\/vigilant-almeida.54-38-5-165.plesk.page\/?page_id=70466"},"modified":"2024-06-13T11:06:15","modified_gmt":"2024-06-13T09:06:15","slug":"page-404","status":"publish","type":"page","link":"https:\/\/activebase.store\/en\/page-404\/","title":{"rendered":"404"},"content":{"rendered":"<!--themify_builder_content-->\n<div id=\"themify_builder_content-70466\" data-postid=\"70466\" class=\"themify_builder_content themify_builder_content-70466 themify_builder tf_clear\">\n                    <div  data-lazy=\"1\" class=\"module_row themify_builder_row tb_kuh7927 tb_first tf_w\">\n                        <div class=\"row_inner col_align_top tb_col_count_1 tf_box tf_rel\">\n                        <div  data-lazy=\"1\" class=\"module_column tb-column col-full tb_lask929 first\">\n                    <!-- module text -->\n<div  class=\"module module-text tb_zldo535\" data-lazy=\"1\">\n        <div  class=\"tb_text_wrap\">\n        <h2>404 error<\/h2>\n<p>It seems that the content you are looking for no longer exists or has been moved. Click here to return to the home page<\/p>    <\/div>\n<\/div>\n<!-- \/module text -->        <\/div>\n                        <\/div>\n        <\/div>\n                        <div  data-lazy=\"1\" class=\"module_row themify_builder_row tb_cqgg56 tf_w\">\n                        <div class=\"row_inner col_align_top tb_col_count_1 tf_box tf_rel\">\n                        <div  data-lazy=\"1\" class=\"module_column tb-column col-full tb_tcoj56 first\">\n                    <!-- module buttons -->\n<div  class=\"module module-buttons tb_etjj57 buttons-horizontal solid   circle\" data-lazy=\"1\">\n        <div class=\"module-buttons-item tf_in_flx\">\n                        <a href=\"https:\/\/active-base.com\" class=\"ui builder_button tf_in_flx black\" rel=\"noopener\">\n                                                HOME PAGE                                        <\/a>\n                <\/div>\n            <\/div>\n<!-- \/module buttons -->\n        <\/div>\n                        <\/div>\n        <\/div>\n        <\/div>\n<!--\/themify_builder_content-->","protected":false},"excerpt":{"rendered":"<p>Error 404 It seems that the content you are looking for no longer exists or has been moved. Click here to return to the home page SITE HOME<\/p>","protected":false},"author":15,"featured_media":0,"parent":0,"menu_order":0,"comment_status":"closed","ping_status":"closed","template":"","meta":{"_acf_changed":false,"_monsterinsights_skip_tracking":false,"_monsterinsights_sitenote_active":false,"_monsterinsights_sitenote_note":"","_monsterinsights_sitenote_category":0,"footnotes":""},"class_list":["post-70466","page","type-page","status-publish","hentry","has-post-title","has-post-date","has-post-category","has-post-tag","has-post-comment","has-post-author",""],"acf":[],"builder_content":"<h2>Erreur 404<\/h2> <p>Il semblerait que le contenu que vous cherchez n'existe plus ou ai \u00e9t\u00e9 d\u00e9plac\u00e9. Cliquez ici pour revenir \u00e0 la page d'accueil<\/p>\n<a href=\"https:\/\/active-base.com\" > ACCUEIL DU SITE <\/a>","_links":{"self":[{"href":"https:\/\/activebase.store\/en\/wp-json\/wp\/v2\/pages\/70466","targetHints":{"allow":["GET"]}}],"collection":[{"href":"https:\/\/activebase.store\/en\/wp-json\/wp\/v2\/pages"}],"about":[{"href":"https:\/\/activebase.store\/en\/wp-json\/wp\/v2\/types\/page"}],"author":[{"embeddable":true,"href":"https:\/\/activebase.store\/en\/wp-json\/wp\/v2\/users\/15"}],"replies":[{"embeddable":true,"href":"https:\/\/activebase.store\/en\/wp-json\/wp\/v2\/comments?post=70466"}],"version-history":[{"count":0,"href":"https:\/\/activebase.store\/en\/wp-json\/wp\/v2\/pages\/70466\/revisions"}],"wp:attachment":[{"href":"https:\/\/activebase.store\/en\/wp-json\/wp\/v2\/media?parent=70466"}],"curies":[{"name":"wp","href":"https:\/\/api.w.org\/{rel}","templated":true}]}}