{"id":71,"date":"2022-05-05T15:37:30","date_gmt":"2022-05-05T13:37:30","guid":{"rendered":"https:\/\/dev.activebase.store\/mon-compte\/"},"modified":"2024-07-15T18:09:02","modified_gmt":"2024-07-15T16:09:02","slug":"my-account","status":"publish","type":"page","link":"https:\/\/activebase.store\/en\/mon-compte\/","title":{"rendered":"My account"},"content":{"rendered":"<p>&nbsp;<\/p>\n<!--themify_builder_content-->\n<div id=\"themify_builder_content-71\" data-postid=\"71\" class=\"themify_builder_content themify_builder_content-71 themify_builder tf_clear\">\n                    <div  data-css_id=\"hvo7440\" data-lazy=\"1\" class=\"module_row themify_builder_row fullwidth_row_container tb_hvo7440 tb_first tf_w\">\n                        <div class=\"row_inner col_align_top tb_col_count_1 tf_box tf_rel\">\n                        <div  data-lazy=\"1\" class=\"module_column tb-column col-full tb_zkyf441 first\">\n                    <!-- module text -->\n<div  class=\"module module-text tb_yctd215    wow\" data-tf-animation=\"fadeInUp\" data-lazy=\"1\">\n        <div  class=\"tb_text_wrap\">\n        <h1>My ActiveBase account<\/h1>    <\/div>\n<\/div>\n<!-- \/module text --><!-- module text -->\n<div  class=\"module module-text tb_onss743    wow\" data-tf-animation=\"fadeInUp\" data-lazy=\"1\">\n        <div  class=\"tb_text_wrap\">\n        <p>We're sorry, but accounts created before May 2024 (date of the brand new site) are no longer accessible.<\/p>    <\/div>\n<\/div>\n<!-- \/module text --><!-- module plain text -->\n<div  class=\"module module-plain-text tb_zq9n891  wow\" data-tf-animation=\"fadeInUp\" data-tf-animation_delay=\"0.8\" data-lazy=\"1\">\n        <div class=\"tb_text_wrap\">\n    <div class=\"woocommerce\"><\/div>    <\/div>\n<\/div>\n<!-- \/module plain text -->        <\/div>\n                        <\/div>\n        <\/div>\n        <\/div>\n<!--\/themify_builder_content-->","protected":false},"excerpt":{"rendered":"<p>&nbsp; My ActiveBase account We're sorry, but accounts created before May 2024 (the date of the brand new site) are no longer accessible.<\/p>","protected":false},"author":15,"featured_media":0,"parent":0,"menu_order":0,"comment_status":"closed","ping_status":"closed","template":"","meta":{"_acf_changed":false,"_monsterinsights_skip_tracking":false,"_monsterinsights_sitenote_active":false,"_monsterinsights_sitenote_note":"","_monsterinsights_sitenote_category":0,"footnotes":""},"class_list":["post-71","page","type-page","status-publish","hentry","has-post-title","has-post-date","has-post-category","has-post-tag","has-post-comment","has-post-author",""],"acf":[],"builder_content":"<h1>Mon compte ActiveBase<\/h1>\n<p>Nous sommes d\u00e9sol\u00e9s mais les comptes cr\u00e9\u00e9s avant mai 2024 (date du tout nouveau site) ne sont plus accessibles.<\/p>\n[woocommerce_my_account]","_links":{"self":[{"href":"https:\/\/activebase.store\/en\/wp-json\/wp\/v2\/pages\/71","targetHints":{"allow":["GET"]}}],"collection":[{"href":"https:\/\/activebase.store\/en\/wp-json\/wp\/v2\/pages"}],"about":[{"href":"https:\/\/activebase.store\/en\/wp-json\/wp\/v2\/types\/page"}],"author":[{"embeddable":true,"href":"https:\/\/activebase.store\/en\/wp-json\/wp\/v2\/users\/15"}],"replies":[{"embeddable":true,"href":"https:\/\/activebase.store\/en\/wp-json\/wp\/v2\/comments?post=71"}],"version-history":[{"count":0,"href":"https:\/\/activebase.store\/en\/wp-json\/wp\/v2\/pages\/71\/revisions"}],"wp:attachment":[{"href":"https:\/\/activebase.store\/en\/wp-json\/wp\/v2\/media?parent=71"}],"curies":[{"name":"wp","href":"https:\/\/api.w.org\/{rel}","templated":true}]}}