{"id":68504,"date":"2024-04-20T07:42:23","date_gmt":"2024-04-20T05:42:23","guid":{"rendered":"https:\/\/vigilant-almeida.54-38-5-165.plesk.page\/?page_id=68504"},"modified":"2025-05-19T15:10:42","modified_gmt":"2025-05-19T13:10:42","slug":"informacion-legal","status":"publish","type":"page","link":"https:\/\/activebase.store\/es\/mentions-legales\/","title":{"rendered":"Informaci\u00f3n jur\u00eddica"},"content":{"rendered":"<!--themify_builder_content-->\n<div id=\"themify_builder_content-68504\" data-postid=\"68504\" class=\"themify_builder_content themify_builder_content-68504 themify_builder tf_clear\">\n                    <div  data-lazy=\"1\" class=\"module_row themify_builder_row tb_ztd8431 tb_first tf_w\">\n                        <div class=\"row_inner col_align_top tb_col_count_1 tf_box tf_rel\">\n                        <div  data-lazy=\"1\" class=\"module_column tb-column col-full tb_yptm431 first\">\n                    <!-- module text -->\n<div  class=\"module module-text tb_egyn431    wow\" data-tf-animation=\"fadeInUp\" data-tf-animation_delay=\"0.4\" data-lazy=\"1\">\n        <div  class=\"tb_text_wrap\">\n        <h1>AVISOS LEGALES<\/h1>\n<p><br>Lea atentamente estas condiciones de uso antes de utilizar este sitio. Al conectarse a este sitio, acepta sin reservas las presentes condiciones. Asimismo, de conformidad con el art\u00edculo 6 de la Ley n\u00ba 2004-575 de 21 de junio de 2004 sobre la confianza en la econom\u00eda digital, los responsables de este sitio web activebase.store son :<\/p>\n<h3><strong>ACTIVEBASE SAS<\/strong><\/h3>\n<p>N\u00famero SIRET: 83116712700032<br>Director editorial: ACTIVEBASE SAS<br>96 Route de Tr\u00e9vignin 73100 Pugny-Chatenod<br>Correo electr\u00f3nico : contact@active-base.eu<br>P\u00e1gina web: activebase.store<\/p>\n<h3><strong>Alojamiento :<\/strong><\/h3>\n<p>Cracker's Tech SARL\/S<br>M\u00fchlenweg 68, L-2155 Gaasperech L\u00ebtzebuerg (Luxemburgo)<br>Infraestructura inform\u00e1tica para <a href=\"https:\/\/crackerstech.com\/\" rel=\"noopener\">Cracker's Tech SARL\/S<\/a>.<br>Para saber m\u00e1s sobre la localizaci\u00f3n y tratamiento de datos : <a href=\"https:\/\/crackerstech.com\/nos-services\/hebergement-cloud\/nos-datacenters\/\" rel=\"noopener\">Nuestros centros de datos<\/a>.<\/p>\n<div class=\"elementor-element elementor-element-1fcadb4 exad-sticky-section-no exad-glass-effect-no elementor-widget elementor-widget-heading\" data-id=\"1fcadb4\" data-element_type=\"widget\" data-widget_type=\"heading.default\">\n<div class=\"elementor-widget-container\">\u00a0<\/div>\n<\/div>\n<h3><strong>Desarrollo :<\/strong><\/h3>\n<p>Dise\u00f1o web: Aur\u00e9lie MZK - aurelie-mzk.com<\/p>    <\/div>\n<\/div>\n<!-- \/module text -->        <\/div>\n                        <\/div>\n        <\/div>\n        <\/div>\n<!--\/themify_builder_content-->","protected":false},"excerpt":{"rendered":"<p>MENTIONS L\u00c9GALES Merci de lire avec attention les diff\u00e9rentes modalit\u00e9s d\u2019utilisation du pr\u00e9sent site avant d\u2019y parcourir ses pages. En vous connectant sur ce site, vous acceptez sans r\u00e9serves les pr\u00e9sentes modalit\u00e9s. Aussi, conform\u00e9ment \u00e0 l\u2019article n\u00b06 de la Loi n\u00b02004-575 du 21 Juin 2004 pour la confiance dans l\u2019\u00e9conomie num\u00e9rique, les responsables du pr\u00e9sent [&hellip;]<\/p>\n","protected":false},"author":15,"featured_media":0,"parent":0,"menu_order":0,"comment_status":"closed","ping_status":"closed","template":"","meta":{"_acf_changed":false,"_monsterinsights_skip_tracking":false,"_monsterinsights_sitenote_active":false,"_monsterinsights_sitenote_note":"","_monsterinsights_sitenote_category":0,"footnotes":""},"class_list":["post-68504","page","type-page","status-publish","hentry","has-post-title","has-post-date","has-post-category","has-post-tag","has-post-comment","has-post-author",""],"acf":[],"builder_content":"<h1>MENTIONS L\u00c9GALES<\/h1> <p><br>Merci de lire avec attention les diff\u00e9rentes modalit\u00e9s d\u2019utilisation du pr\u00e9sent site avant d\u2019y parcourir ses pages. En vous connectant sur ce site, vous acceptez sans r\u00e9serves les pr\u00e9sentes modalit\u00e9s. Aussi, conform\u00e9ment \u00e0 l\u2019article n\u00b06 de la Loi n\u00b02004-575 du 21 Juin 2004 pour la confiance dans l\u2019\u00e9conomie num\u00e9rique, les responsables du pr\u00e9sent site internet activebase.store sont :<\/p> <h3><strong>ACTIVEBASE SAS<\/strong><\/h3> <p>Num\u00e9ro SIRET : 83116712700032<br>Responsable \u00e9ditorial : ACTIVEBASE SAS<br>96 Route de Tr\u00e9vignin 73100 Pugny-Chatenod<br>Email : contact@active-base.eu<br>Site Web : activebase.store<\/p> <h3><strong>H\u00e9bergement :<\/strong><\/h3> <p>Cracker's Tech SARL\/S<br>M\u00fchlenweg 68, L-2155 Gaasperech L\u00ebtzebuerg (Luxembourg)<br>Infrastructure Informatique de <a href=\"https:\/\/crackerstech.com\/\">Cracker's Tech SARL\/S<\/a>.<br>Pour en savoir plus sur l\u2019emplacement et le traitement des donn\u00e9es : <a href=\"https:\/\/crackerstech.com\/nos-services\/hebergement-cloud\/nos-datacenters\/\">Nos centres de donn\u00e9es<\/a>.<\/p>\n\u00a0\n<h3><strong>D\u00e9veloppement :<\/strong><\/h3> <p>Web design : Aur\u00e9lie MZK \u2013 aurelie-mzk.com<\/p>","_links":{"self":[{"href":"https:\/\/activebase.store\/es\/wp-json\/wp\/v2\/pages\/68504","targetHints":{"allow":["GET"]}}],"collection":[{"href":"https:\/\/activebase.store\/es\/wp-json\/wp\/v2\/pages"}],"about":[{"href":"https:\/\/activebase.store\/es\/wp-json\/wp\/v2\/types\/page"}],"author":[{"embeddable":true,"href":"https:\/\/activebase.store\/es\/wp-json\/wp\/v2\/users\/15"}],"replies":[{"embeddable":true,"href":"https:\/\/activebase.store\/es\/wp-json\/wp\/v2\/comments?post=68504"}],"version-history":[{"count":0,"href":"https:\/\/activebase.store\/es\/wp-json\/wp\/v2\/pages\/68504\/revisions"}],"wp:attachment":[{"href":"https:\/\/activebase.store\/es\/wp-json\/wp\/v2\/media?parent=68504"}],"curies":[{"name":"wp","href":"https:\/\/api.w.org\/{rel}","templated":true}]}}