{"id":27281,"date":"2019-01-12T13:02:46","date_gmt":"2019-01-12T12:02:46","guid":{"rendered":"https:\/\/dev.activebase.store\/?post_type=product&#038;p=27281"},"modified":"2026-03-19T13:02:41","modified_gmt":"2026-03-19T12:02:41","slug":"funda-de-asiento-ergonomica-activebase","status":"publish","type":"product","link":"https:\/\/activebase.store\/es\/produit\/housse-assise-siege-ergonomique-activebase\/","title":{"rendered":"12 - Funda de asiento"},"content":{"rendered":"<p>Funda de asiento confort negra de recambio para su taburete din\u00e1mico ActiveBase (n.\u00ba de pieza 12).<\/p>\n<p><strong>INFORMACI\u00d3N ADICIONAL:<br \/>\n<\/strong>Peso: 0,400 kg<br \/>\nDimensiones: 44 \u00d7 32,5 \u00d7 5 cm<\/p>","protected":false},"excerpt":{"rendered":"<p style=\"margin-bottom: 16px;\"><strong>Mod\u00e8le pi\u00e8ce d\u00e9tach\u00e9e&nbsp;:<\/strong> funda de asiento confort negra parte n\u00b012<\/p>","protected":false},"featured_media":66058,"comment_status":"closed","ping_status":"closed","template":"","meta":{"_acf_changed":false,"_monsterinsights_skip_tracking":false,"_monsterinsights_sitenote_active":false,"_monsterinsights_sitenote_note":"","_monsterinsights_sitenote_category":0},"product_brand":[],"product_cat":[32],"product_tag":[],"class_list":{"0":"post-27281","1":"product","2":"type-product","3":"status-publish","4":"has-post-thumbnail","6":"product_cat-pieces-detachees","7":"product_shipping_class-access","8":"has-post-title","9":"has-post-date","10":"has-post-category","11":"has-post-tag","12":"has-post-comment","13":"has-post-author","14":"","16":"first","17":"instock","18":"taxable","19":"shipping-taxable","20":"purchasable","21":"product-type-simple"},"acf":[],"builder_content":"","_links":{"self":[{"href":"https:\/\/activebase.store\/es\/wp-json\/wp\/v2\/product\/27281","targetHints":{"allow":["GET"]}}],"collection":[{"href":"https:\/\/activebase.store\/es\/wp-json\/wp\/v2\/product"}],"about":[{"href":"https:\/\/activebase.store\/es\/wp-json\/wp\/v2\/types\/product"}],"replies":[{"embeddable":true,"href":"https:\/\/activebase.store\/es\/wp-json\/wp\/v2\/comments?post=27281"}],"wp:featuredmedia":[{"embeddable":true,"href":"https:\/\/activebase.store\/es\/wp-json\/wp\/v2\/media\/66058"}],"wp:attachment":[{"href":"https:\/\/activebase.store\/es\/wp-json\/wp\/v2\/media?parent=27281"}],"wp:term":[{"taxonomy":"product_brand","embeddable":true,"href":"https:\/\/activebase.store\/es\/wp-json\/wp\/v2\/product_brand?post=27281"},{"taxonomy":"product_cat","embeddable":true,"href":"https:\/\/activebase.store\/es\/wp-json\/wp\/v2\/product_cat?post=27281"},{"taxonomy":"product_tag","embeddable":true,"href":"https:\/\/activebase.store\/es\/wp-json\/wp\/v2\/product_tag?post=27281"}],"curies":[{"name":"wp","href":"https:\/\/api.w.org\/{rel}","templated":true}]}}