{"id":33378,"date":"2019-09-06T10:02:43","date_gmt":"2019-09-06T08:02:43","guid":{"rendered":"https:\/\/dev.activebase.store\/?post_type=product&#038;p=33378"},"modified":"2026-03-20T11:51:30","modified_gmt":"2026-03-20T10:51:30","slug":"activebase-taburete-ergonomico-bola-de-apoyo","status":"publish","type":"product","link":"https:\/\/activebase.store\/es\/produit\/balle-appui-tabouret-ergonomique-activebase\/","title":{"rendered":"10 - Pelota de apoyo"},"content":{"rendered":"<p>Bola de soporte de repuesto para su taburete din\u00e1mico ActiveBase (pieza n\u00ba 11).<\/p>\n<p><strong>INFORMACI\u00d3N ADICIONAL:<br \/>\n<\/strong>Peso: 0,22 kg<br \/>\nDimensiones: 15 x 10 x 7 cm<\/p>","protected":false},"excerpt":{"rendered":"<p style=\"margin-bottom: 16px;\"><strong>Mod\u00e8le pi\u00e8ce d\u00e9tach\u00e9e&nbsp;:<\/strong> bola de apoyo, ref. 10<\/p>","protected":false},"featured_media":66063,"comment_status":"closed","ping_status":"closed","template":"","meta":{"_acf_changed":false,"_monsterinsights_skip_tracking":false,"_monsterinsights_sitenote_active":false,"_monsterinsights_sitenote_note":"","_monsterinsights_sitenote_category":0},"product_brand":[],"product_cat":[32],"product_tag":[31],"class_list":{"0":"post-33378","1":"product","2":"type-product","3":"status-publish","4":"has-post-thumbnail","6":"product_cat-pieces-detachees","7":"product_tag-assise","8":"product_shipping_class-access","9":"has-post-title","10":"has-post-date","11":"has-post-category","12":"has-post-tag","13":"has-post-comment","14":"has-post-author","15":"","17":"first","18":"instock","19":"taxable","20":"shipping-taxable","21":"purchasable","22":"product-type-simple"},"acf":[],"builder_content":"","_links":{"self":[{"href":"https:\/\/activebase.store\/es\/wp-json\/wp\/v2\/product\/33378","targetHints":{"allow":["GET"]}}],"collection":[{"href":"https:\/\/activebase.store\/es\/wp-json\/wp\/v2\/product"}],"about":[{"href":"https:\/\/activebase.store\/es\/wp-json\/wp\/v2\/types\/product"}],"replies":[{"embeddable":true,"href":"https:\/\/activebase.store\/es\/wp-json\/wp\/v2\/comments?post=33378"}],"wp:featuredmedia":[{"embeddable":true,"href":"https:\/\/activebase.store\/es\/wp-json\/wp\/v2\/media\/66063"}],"wp:attachment":[{"href":"https:\/\/activebase.store\/es\/wp-json\/wp\/v2\/media?parent=33378"}],"wp:term":[{"taxonomy":"product_brand","embeddable":true,"href":"https:\/\/activebase.store\/es\/wp-json\/wp\/v2\/product_brand?post=33378"},{"taxonomy":"product_cat","embeddable":true,"href":"https:\/\/activebase.store\/es\/wp-json\/wp\/v2\/product_cat?post=33378"},{"taxonomy":"product_tag","embeddable":true,"href":"https:\/\/activebase.store\/es\/wp-json\/wp\/v2\/product_tag?post=33378"}],"curies":[{"name":"wp","href":"https:\/\/api.w.org\/{rel}","templated":true}]}}