{"id":33386,"date":"2019-09-06T10:46:35","date_gmt":"2019-09-06T08:46:35","guid":{"rendered":"https:\/\/dev.activebase.store\/?post_type=product&#038;p=33386"},"modified":"2024-12-29T12:32:53","modified_gmt":"2024-12-29T11:32:53","slug":"silla-ergonomica-para-el-dolor-de-espalda-taburete-profesional","status":"publish","type":"product","link":"https:\/\/activebase.store\/es\/produit\/siege-ergonomique-maux-de-dos-tabouret-professionel\/","title":{"rendered":"07 - Tubo de soporte blanco"},"content":{"rendered":"<p>Tubo de soporte blanco de repuesto para su taburete din\u00e1mico ActiveBase (pieza n\u00ba 7).<\/p>\n<p><strong>INFORMACI\u00d3N ADICIONAL:<br \/>\n<\/strong>Peso: 0,400 kg<br \/>\nDimensiones: 25 \u00d7 20 \u00d7 10 cm<\/p>","protected":false},"excerpt":{"rendered":"<p style=\"margin-bottom: 16px;\"><strong>Mod\u00e8le pi\u00e8ce d\u00e9tach\u00e9e&nbsp;:<\/strong> tubo de soporte blanco, pieza n\u00ba 7<\/p>","protected":false},"featured_media":66066,"comment_status":"closed","ping_status":"closed","template":"","meta":{"_acf_changed":false,"_monsterinsights_skip_tracking":false,"_monsterinsights_sitenote_active":false,"_monsterinsights_sitenote_note":"","_monsterinsights_sitenote_category":0},"product_brand":[],"product_cat":[32],"product_tag":[31],"class_list":{"0":"post-33386","1":"product","2":"type-product","3":"status-publish","4":"has-post-thumbnail","6":"product_cat-pieces-detachees","7":"product_tag-assise","8":"product_shipping_class-access","9":"has-post-title","10":"has-post-date","11":"has-post-category","12":"has-post-tag","13":"has-post-comment","14":"has-post-author","15":"","17":"first","18":"instock","19":"taxable","20":"shipping-taxable","21":"purchasable","22":"product-type-simple"},"acf":[],"builder_content":"","_links":{"self":[{"href":"https:\/\/activebase.store\/es\/wp-json\/wp\/v2\/product\/33386","targetHints":{"allow":["GET"]}}],"collection":[{"href":"https:\/\/activebase.store\/es\/wp-json\/wp\/v2\/product"}],"about":[{"href":"https:\/\/activebase.store\/es\/wp-json\/wp\/v2\/types\/product"}],"replies":[{"embeddable":true,"href":"https:\/\/activebase.store\/es\/wp-json\/wp\/v2\/comments?post=33386"}],"wp:featuredmedia":[{"embeddable":true,"href":"https:\/\/activebase.store\/es\/wp-json\/wp\/v2\/media\/66066"}],"wp:attachment":[{"href":"https:\/\/activebase.store\/es\/wp-json\/wp\/v2\/media?parent=33386"}],"wp:term":[{"taxonomy":"product_brand","embeddable":true,"href":"https:\/\/activebase.store\/es\/wp-json\/wp\/v2\/product_brand?post=33386"},{"taxonomy":"product_cat","embeddable":true,"href":"https:\/\/activebase.store\/es\/wp-json\/wp\/v2\/product_cat?post=33386"},{"taxonomy":"product_tag","embeddable":true,"href":"https:\/\/activebase.store\/es\/wp-json\/wp\/v2\/product_tag?post=33386"}],"curies":[{"name":"wp","href":"https:\/\/api.w.org\/{rel}","templated":true}]}}