{"id":33404,"date":"2023-04-24T15:28:28","date_gmt":"2023-04-24T13:28:28","guid":{"rendered":"https:\/\/dev.activebase.store\/?post_type=product&#038;p=33404"},"modified":"2026-04-01T22:41:40","modified_gmt":"2026-04-01T20:41:40","slug":"asiento-taburete-ergonomico-oficina","status":"publish","type":"product","link":"https:\/\/activebase.store\/es\/produit\/assise-tabouret-ergonomique-bureau\/","title":{"rendered":"01 - Asiento"},"content":{"rendered":"<p>Asiento de repuesto para su taburete ergon\u00f3mico ActiveBase (pieza n\u00ba 1).<\/p>\n<p><strong>INFORMACI\u00d3N ADICIONAL:<br \/>\n<\/strong>Peso: 0,800 kg<br \/>\nDimensiones: 43 \u00d7 31 \u00d7 50 cm<\/p>","protected":false},"excerpt":{"rendered":"<p><strong>Mod\u00e8le pi\u00e8ce d\u00e9tach\u00e9e&nbsp;:<\/strong> asiento, parte n\u00b01<\/p>","protected":false},"featured_media":66067,"comment_status":"closed","ping_status":"closed","template":"","meta":{"_acf_changed":false,"_monsterinsights_skip_tracking":false,"_monsterinsights_sitenote_active":false,"_monsterinsights_sitenote_note":"","_monsterinsights_sitenote_category":0},"product_brand":[],"product_cat":[32],"product_tag":[31],"class_list":{"0":"post-33404","1":"product","2":"type-product","3":"status-publish","4":"has-post-thumbnail","6":"product_cat-pieces-detachees","7":"product_tag-assise","8":"product_shipping_class-access","9":"has-post-title","10":"has-post-date","11":"has-post-category","12":"has-post-tag","13":"has-post-comment","14":"has-post-author","15":"","17":"first","18":"instock","19":"taxable","20":"shipping-taxable","21":"purchasable","22":"product-type-simple"},"acf":[],"builder_content":"","_links":{"self":[{"href":"https:\/\/activebase.store\/es\/wp-json\/wp\/v2\/product\/33404","targetHints":{"allow":["GET"]}}],"collection":[{"href":"https:\/\/activebase.store\/es\/wp-json\/wp\/v2\/product"}],"about":[{"href":"https:\/\/activebase.store\/es\/wp-json\/wp\/v2\/types\/product"}],"replies":[{"embeddable":true,"href":"https:\/\/activebase.store\/es\/wp-json\/wp\/v2\/comments?post=33404"}],"wp:featuredmedia":[{"embeddable":true,"href":"https:\/\/activebase.store\/es\/wp-json\/wp\/v2\/media\/66067"}],"wp:attachment":[{"href":"https:\/\/activebase.store\/es\/wp-json\/wp\/v2\/media?parent=33404"}],"wp:term":[{"taxonomy":"product_brand","embeddable":true,"href":"https:\/\/activebase.store\/es\/wp-json\/wp\/v2\/product_brand?post=33404"},{"taxonomy":"product_cat","embeddable":true,"href":"https:\/\/activebase.store\/es\/wp-json\/wp\/v2\/product_cat?post=33404"},{"taxonomy":"product_tag","embeddable":true,"href":"https:\/\/activebase.store\/es\/wp-json\/wp\/v2\/product_tag?post=33404"}],"curies":[{"name":"wp","href":"https:\/\/api.w.org\/{rel}","templated":true}]}}