{"id":69376,"date":"2024-04-24T16:53:16","date_gmt":"2024-04-24T14:53:16","guid":{"rendered":"https:\/\/vigilant-almeida.54-38-5-165.plesk.page\/?page_id=69376"},"modified":"2024-05-01T08:01:28","modified_gmt":"2024-05-01T06:01:28","slug":"assemblea","status":"publish","type":"page","link":"https:\/\/activebase.store\/it\/montage\/","title":{"rendered":"Montaggio"},"content":{"rendered":"<!--themify_builder_content-->\n<div id=\"themify_builder_content-69376\" data-postid=\"69376\" class=\"themify_builder_content themify_builder_content-69376 themify_builder tf_clear\">\n                    <div  data-lazy=\"1\" class=\"module_row themify_builder_row tb_mes0553 tb_first tf_w\">\n                        <div class=\"row_inner col_align_top tb_col_count_1 tf_box tf_rel\">\n                        <div  data-lazy=\"1\" class=\"module_column tb-column col-full tb_ikdq554 first\">\n                    <!-- module text -->\n<div  class=\"module module-text tb_674o321   \" data-lazy=\"1\">\n        <div  class=\"tb_text_wrap\">\n        <h1>Montage de votre ActiveBase<\/h1>    <\/div>\n<\/div>\n<!-- \/module text -->        <\/div>\n                        <\/div>\n        <\/div>\n                        <div  data-lazy=\"1\" class=\"module_row themify_builder_row tb_kie4308 tf_w\">\n                        <div class=\"row_inner col_align_top tb_col_count_1 tf_box tf_rel\">\n                        <div  data-lazy=\"1\" class=\"module_column tb-column col-full tb_15rk309 first\">\n                    <!-- module text -->\n<div  class=\"module module-text tb_kr33418   \" data-lazy=\"1\">\n        <div  class=\"tb_text_wrap\">\n        <p>Le montage est tr\u00e8s simple et se fait en moins de 5 minutes. A vous de jouer !<\/p>    <\/div>\n<\/div>\n<!-- \/module text --><!-- module buttons -->\n<div  class=\"module module-buttons tb_1c2c418 buttons-horizontal solid   wow\" data-tf-animation=\"fadeInUp\" data-tf-animation_delay=\"1\" data-lazy=\"1\">\n        <div class=\"module-buttons-item tf_in_flx\">\n                        <a href=\"http:\/\/[object%20Object]\" class=\"ui builder_button tf_in_flx light-purple\" target=\"_blank\" rel=\"noopener\">\n                                                Vid\u00e9o du montage                                        <\/a>\n                <\/div>\n            <\/div>\n<!-- \/module buttons -->\n        <\/div>\n                        <\/div>\n        <\/div>\n                        <div  data-lazy=\"1\" class=\"module_row themify_builder_row tb_5kfi345 tf_w\">\n                        <div class=\"row_inner col_align_top tb_col_count_1 tf_box tf_rel\">\n                        <div  data-lazy=\"1\" class=\"module_column tb-column col-full tb_8njl345 first\">\n                            <div  data-lazy=\"1\" class=\"module_subrow themify_builder_sub_row tf_w col_align_top tb_col_count_2 tb_af6q664\">\n                <div  data-lazy=\"1\" class=\"module_column sub_column col4-2 tb_idjk664 first\">\n                    <!-- module text -->\n<div  class=\"module module-text tb_ojc0664   \" data-lazy=\"1\">\n        <div  class=\"tb_text_wrap\">\n        <h5><strong>LE CONTENU DE VOTRE COLIS<br><\/strong><\/h5>\n<ul>\n<li>Une notice produit<\/li>\n<li>Une cl\u00e9 de montage (A)<\/li>\n<li>Le c\u00f4ne inf\u00e9rieur (B)<\/li>\n<li>La tige de support (C)<\/li>\n<li>L&rsquo;assise (D)<\/li>\n<li>La housse de confort (E)<\/li>\n<\/ul>    <\/div>\n<\/div>\n<!-- \/module text -->        <\/div>\n                    <div  data-lazy=\"1\" class=\"module_column sub_column col4-2 tb_03ck664 last\">\n                    <!-- module image -->\n<div  class=\"module module-image tb_brmn664 image-top rounded  tf_mw\" data-lazy=\"1\">\n        <div class=\"image-wrap tf_rel tf_mw\">\n            <img loading=\"lazy\" decoding=\"async\" width=\"2000\" height=\"1156\" src=\"https:\/\/activebase.store\/wp-content\/uploads\/2024\/04\/Montage-activebase-4.jpg\" class=\"wp-post-image wp-image-69397\" title=\"Montage-activebase-4\" alt=\"Montage-activebase-4\" srcset=\"https:\/\/activebase.store\/wp-content\/uploads\/2024\/04\/Montage-activebase-4.jpg 2000w, https:\/\/activebase.store\/wp-content\/uploads\/2024\/04\/Montage-activebase-4-300x173.jpg 300w, https:\/\/activebase.store\/wp-content\/uploads\/2024\/04\/Montage-activebase-4-600x347.jpg 600w, https:\/\/activebase.store\/wp-content\/uploads\/2024\/04\/Montage-activebase-4-1024x592.jpg 1024w, https:\/\/activebase.store\/wp-content\/uploads\/2024\/04\/Montage-activebase-4-768x444.jpg 768w, https:\/\/activebase.store\/wp-content\/uploads\/2024\/04\/Montage-activebase-4-1536x888.jpg 1536w\" sizes=\"auto, (max-width: 2000px) 100vw, 2000px\" \/>    \n        <\/div>\n    <!-- \/image-wrap -->\n    \n        <\/div>\n<!-- \/module image -->        <\/div>\n                    <\/div>\n                <div  data-lazy=\"1\" class=\"module_subrow themify_builder_sub_row tf_w col_align_top tb_col_count_1 tb_1t65618\">\n                <div  data-lazy=\"1\" class=\"module_column sub_column tb_0ym3618 first\">\n                            <div  data-lazy=\"1\" class=\"module_subrow themify_builder_sub_row tf_w col_align_middle tb_col_count_3 tb_jtiy618\">\n                <div  data-lazy=\"1\" class=\"module_column sub_column col3-1 tb_li7v618 first\">\n                    <!-- module text -->\n<div  class=\"module module-text tb_vnjy618   \" data-lazy=\"1\">\n        <div  class=\"tb_text_wrap\">\n        <h5 style=\"text-align: center;\"><b>TEMPS DE MONTAGE<\/b><\/h5>    <\/div>\n<\/div>\n<!-- \/module text --><!-- module counter -->\n<div  class=\"module module-counter tb_hl72618 size-large  tf_textc \" data-lazy=\"1\">\n\t\t\n\t\t<div class=\"counter-chart tf_rel\">\n\t\t\t<svg class=\"tf_abs tf_w tf_h\">\n\t\t\t\t\t\t\t<circle fill=\"#a8b9bd\" class=\"module-counter-background\"><\/circle>\n\t\t\t\t\t\t<circle class=\"tb_counter_fill\" stroke=\"rgba(0,0,0,.1)\" stroke-width=\"10\"\/>\n\t\t\t<circle class=\"tb_counter_stroke\" stroke-width=\"10\" stroke=\"#d46211\" data-progress=\"5\" stroke-dasharray=\"0,10000\"\/>\n\t\t\t<\/svg>\n\t\t\t\t<div class=\"number tf_abs_c\">\n\t\t\t<span class=\"bc-timer\"\n\t\t\t\t  data-to=\"5\"\n\t\t\t\t  data-suffix=\" min.\"\n\t\t\t\t  data-prefix=\"\"\n\t\t\t\t  data-decimals=\"0\"\n\t\t\t\t  data-grouping=\"\"\n                                ><\/span>\n\t\t<\/div>\n\n\t\t\t\t<\/div><!-- .chart -->\n\t\n    <div class=\"counter-text\"><\/div>\n\n\t<\/div>\n<!-- \/module counter -->\n        <\/div>\n                    <div  data-lazy=\"1\" class=\"module_column sub_column col3-1 tb_rie8618\">\n                    <!-- module image -->\n<div  class=\"module module-image tb_x1mz618 image-top rounded  tf_mw\" data-lazy=\"1\">\n        <div class=\"image-wrap tf_rel tf_mw\">\n            <img loading=\"lazy\" decoding=\"async\" width=\"761\" height=\"714\" src=\"https:\/\/activebase.store\/wp-content\/uploads\/2024\/04\/montage-activebase-2-1.png\" class=\"wp-post-image wp-image-69395\" title=\"montage-activebase-2-1\" alt=\"montage-activebase-2-1\" srcset=\"https:\/\/activebase.store\/wp-content\/uploads\/2024\/04\/montage-activebase-2-1.png 761w, https:\/\/activebase.store\/wp-content\/uploads\/2024\/04\/montage-activebase-2-1-300x281.png 300w, https:\/\/activebase.store\/wp-content\/uploads\/2024\/04\/montage-activebase-2-1-600x563.png 600w\" sizes=\"auto, (max-width: 761px) 100vw, 761px\" \/>    \n        <\/div>\n    <!-- \/image-wrap -->\n    \n        <\/div>\n<!-- \/module image --><!-- module text -->\n<div  class=\"module module-text tb_dol7618   \" data-lazy=\"1\">\n        <div  class=\"tb_text_wrap\">\n        <h5 style=\"text-align: center;\"><b>\u00c9TAPE 1<\/b><\/h5>\n<p style=\"text-align: center;\">D\u00e9visser la balle d&rsquo;appui de la tige (C)<\/p>    <\/div>\n<\/div>\n<!-- \/module text -->        <\/div>\n                    <div  data-lazy=\"1\" class=\"module_column sub_column col3-1 tb_zgzc618 last\">\n                    <!-- module image -->\n<div  class=\"module module-image tb_w8jk618 image-top rounded  tf_mw\" data-lazy=\"1\">\n        <div class=\"image-wrap tf_rel tf_mw\">\n            <img loading=\"lazy\" decoding=\"async\" width=\"761\" height=\"714\" src=\"https:\/\/activebase.store\/wp-content\/uploads\/2024\/04\/montage-activebase-1-2.png\" class=\"wp-post-image wp-image-69390\" title=\"montage-activebase-1-2\" alt=\"montage-activebase-1-2\" srcset=\"https:\/\/activebase.store\/wp-content\/uploads\/2024\/04\/montage-activebase-1-2.png 761w, https:\/\/activebase.store\/wp-content\/uploads\/2024\/04\/montage-activebase-1-2-300x281.png 300w, https:\/\/activebase.store\/wp-content\/uploads\/2024\/04\/montage-activebase-1-2-600x563.png 600w\" sizes=\"auto, (max-width: 761px) 100vw, 761px\" \/>    \n        <\/div>\n    <!-- \/image-wrap -->\n    \n        <\/div>\n<!-- \/module image --><!-- module text -->\n<div  class=\"module module-text tb_7fy9618   \" data-lazy=\"1\">\n        <div  class=\"tb_text_wrap\">\n        <h5 style=\"text-align: center;\"><b>\u00c9TAPE 2<\/b><\/h5>\n<p style=\"text-align: center;\"><span style=\"text-align: start;\">Visser\u00a0 la tige (C) sur le c\u00f4ne inf\u00e9rieur (B)<\/span><\/p>    <\/div>\n<\/div>\n<!-- \/module text -->        <\/div>\n                    <\/div>\n                <\/div>\n                    <\/div>\n                <div  data-lazy=\"1\" class=\"module_subrow themify_builder_sub_row tf_w col_align_top tb_col_count_3 tb_4965178\">\n                <div  data-lazy=\"1\" class=\"module_column sub_column col3-1 tb_16ff178 first\">\n                    <!-- module image -->\n<div  class=\"module module-image tb_cnh1178 image-top rounded  tf_mw\" data-lazy=\"1\">\n        <div class=\"image-wrap tf_rel tf_mw\">\n            <img loading=\"lazy\" decoding=\"async\" width=\"761\" height=\"714\" src=\"https:\/\/activebase.store\/wp-content\/uploads\/2024\/04\/montage-activebase-1-3.png\" class=\"wp-post-image wp-image-69391\" title=\"montage-activebase-1-3\" alt=\"montage-activebase-1-3\" srcset=\"https:\/\/activebase.store\/wp-content\/uploads\/2024\/04\/montage-activebase-1-3.png 761w, https:\/\/activebase.store\/wp-content\/uploads\/2024\/04\/montage-activebase-1-3-300x281.png 300w, https:\/\/activebase.store\/wp-content\/uploads\/2024\/04\/montage-activebase-1-3-600x563.png 600w\" sizes=\"auto, (max-width: 761px) 100vw, 761px\" \/>    \n        <\/div>\n    <!-- \/image-wrap -->\n    \n        <\/div>\n<!-- \/module image --><!-- module text -->\n<div  class=\"module module-text tb_h1om178   \" data-lazy=\"1\">\n        <div  class=\"tb_text_wrap\">\n        <h5 style=\"text-align: center;\"><b>\u00c9TAPE 3<\/b><\/h5>\n<p style=\"text-align: center;\">Revisser la balle d&rsquo;appui dans la tige (C)<\/p>    <\/div>\n<\/div>\n<!-- \/module text -->        <\/div>\n                    <div  data-lazy=\"1\" class=\"module_column sub_column col3-1 tb_3f3h178\">\n                    <!-- module image -->\n<div  class=\"module module-image tb_h9u7178 image-top rounded  tf_mw\" data-lazy=\"1\">\n        <div class=\"image-wrap tf_rel tf_mw\">\n            <img loading=\"lazy\" decoding=\"async\" width=\"761\" height=\"714\" src=\"https:\/\/activebase.store\/wp-content\/uploads\/2024\/04\/montage-activebase-1-4.png\" class=\"wp-post-image wp-image-69392\" title=\"montage-activebase-1-4\" alt=\"montage-activebase-1-4\" srcset=\"https:\/\/activebase.store\/wp-content\/uploads\/2024\/04\/montage-activebase-1-4.png 761w, https:\/\/activebase.store\/wp-content\/uploads\/2024\/04\/montage-activebase-1-4-300x281.png 300w, https:\/\/activebase.store\/wp-content\/uploads\/2024\/04\/montage-activebase-1-4-600x563.png 600w\" sizes=\"auto, (max-width: 761px) 100vw, 761px\" \/>    \n        <\/div>\n    <!-- \/image-wrap -->\n    \n        <\/div>\n<!-- \/module image --><!-- module text -->\n<div  class=\"module module-text tb_k7ub178   \" data-lazy=\"1\">\n        <div  class=\"tb_text_wrap\">\n        <h5 style=\"text-align: center;\"><b>\u00c9TAPE 4<\/b><\/h5>\n<p>Visser la rotule sup\u00e9rieure de la tige (C) dans l&rsquo;assise (D), gr\u00e2ce \u00e0 la cl\u00e9 fournie (A)<\/p>    <\/div>\n<\/div>\n<!-- \/module text -->        <\/div>\n                    <div  data-lazy=\"1\" class=\"module_column sub_column col3-1 tb_29nz178 last\">\n                    <!-- module image -->\n<div  class=\"module module-image tb_8b83178 image-top rounded  tf_mw\" data-lazy=\"1\">\n        <div class=\"image-wrap tf_rel tf_mw\">\n            <img loading=\"lazy\" decoding=\"async\" width=\"761\" height=\"714\" src=\"https:\/\/activebase.store\/wp-content\/uploads\/2024\/04\/montage-activebase-1-5.png\" class=\"wp-post-image wp-image-69393\" title=\"montage-activebase-1-5\" alt=\"montage-activebase-1-5\" srcset=\"https:\/\/activebase.store\/wp-content\/uploads\/2024\/04\/montage-activebase-1-5.png 761w, https:\/\/activebase.store\/wp-content\/uploads\/2024\/04\/montage-activebase-1-5-300x281.png 300w, https:\/\/activebase.store\/wp-content\/uploads\/2024\/04\/montage-activebase-1-5-600x563.png 600w\" sizes=\"auto, (max-width: 761px) 100vw, 761px\" \/>    \n        <\/div>\n    <!-- \/image-wrap -->\n    \n        <\/div>\n<!-- \/module image --><!-- module text -->\n<div  class=\"module module-text tb_x90i178   \" data-lazy=\"1\">\n        <div  class=\"tb_text_wrap\">\n        <h5 style=\"text-align: center;\"><b>\u00c9TAPE 5<\/b><\/h5>\n<p>Placer la housse de confort (E) sur l\u2019assise (D) en \u00e9tirant les bords \u00e9lastiques.\u00a0 C&rsquo;est fini !<\/p>    <\/div>\n<\/div>\n<!-- \/module text -->        <\/div>\n                    <\/div>\n                <div  data-lazy=\"1\" class=\"module_subrow themify_builder_sub_row tf_w col_align_top tb_col_count_1 tb_ydfd418\">\n                <div  data-lazy=\"1\" class=\"module_column sub_column col-full tb_jpal418 first\">\n                    <!-- module text -->\n<div  class=\"module module-text tb_1tq2856   \" data-lazy=\"1\">\n        <div  class=\"tb_text_wrap\">\n        <p><span style=\"background-color: initial; color: inherit; font-size: 1em;\">Il ne vous reste plus qu&rsquo;\u00e0 effectuer le r\u00e9glage de hauteur en ajustant l&rsquo;assise afin qu&rsquo;elle soit au somme de vos genoux, puis essayer des diff\u00e9rents r\u00e9glages de mobilit\u00e9. Voir page\u00a0<\/span><a href=\"https:\/\/activebase.store\/prise-en-main\/#reglages\"><span style=\"background-color: initial; font-size: 1em; color: #bd4c00;\">R\u00c9GLAGES<\/span><\/a><\/p>    <\/div>\n<\/div>\n<!-- \/module text -->        <\/div>\n                    <\/div>\n                <\/div>\n                        <\/div>\n        <\/div>\n        <\/div>\n<!--\/themify_builder_content-->","protected":false},"excerpt":{"rendered":"<p>Montage de votre ActiveBase Le montage est tr\u00e8s simple et se fait en moins de 5 minutes. A vous de jouer&nbsp;! Vid\u00e9o du montage LE CONTENU DE VOTRE COLIS Une notice produit Une cl\u00e9 de montage (A) Le c\u00f4ne inf\u00e9rieur (B) La tige de support (C) L&rsquo;assise (D) La housse de confort (E) TEMPS DE [&hellip;]<\/p>\n","protected":false},"author":15,"featured_media":0,"parent":0,"menu_order":0,"comment_status":"closed","ping_status":"closed","template":"","meta":{"_acf_changed":false,"_monsterinsights_skip_tracking":false,"_monsterinsights_sitenote_active":false,"_monsterinsights_sitenote_note":"","_monsterinsights_sitenote_category":0,"footnotes":""},"class_list":["post-69376","page","type-page","status-publish","hentry","has-post-title","has-post-date","has-post-category","has-post-tag","has-post-comment","has-post-author",""],"acf":[],"builder_content":"<h1>Montage de votre ActiveBase<\/h1>\n<p>Le montage est tr\u00e8s simple et se fait en moins de 5 minutes. A vous de jouer !<\/p>\n<a href=\"http:\/\/[object%20Object]\" target=\"_blank\" rel=\"noopener\"> Vid\u00e9o du montage <\/a>\n<h5><strong>LE CONTENU DE VOTRE COLIS<br><\/strong><\/h5> <ul> <li>Une notice produit<\/li> <li>Une cl\u00e9 de montage (A)<\/li> <li>Le c\u00f4ne inf\u00e9rieur (B)<\/li> <li>La tige de support (C)<\/li> <li>L'assise (D)<\/li> <li>La housse de confort (E)<\/li> <\/ul>\n<img src=\"https:\/\/activebase.store\/wp-content\/uploads\/2024\/04\/Montage-activebase-4.jpg\" title=\"Montage-activebase-4\" alt=\"Montage-activebase-4\" srcset=\"https:\/\/activebase.store\/wp-content\/uploads\/2024\/04\/Montage-activebase-4.jpg 2000w, https:\/\/activebase.store\/wp-content\/uploads\/2024\/04\/Montage-activebase-4-300x173.jpg 300w, https:\/\/activebase.store\/wp-content\/uploads\/2024\/04\/Montage-activebase-4-600x347.jpg 600w, https:\/\/activebase.store\/wp-content\/uploads\/2024\/04\/Montage-activebase-4-1024x592.jpg 1024w, https:\/\/activebase.store\/wp-content\/uploads\/2024\/04\/Montage-activebase-4-768x444.jpg 768w, https:\/\/activebase.store\/wp-content\/uploads\/2024\/04\/Montage-activebase-4-1536x888.jpg 1536w\" sizes=\"(max-width: 2000px) 100vw, 2000px\" \/>\n<h5 style=\"text-align: center;\"><b>TEMPS DE MONTAGE<\/b><\/h5>\n<svg> <circle fill=\"#a8b9bd\"><\/circle> <circle stroke=\"rgba(0,0,0,.1)\" stroke-width=\"10\"\/> <circle stroke-width=\"10\" stroke=\"#d46211\" data-progress=\"5\" stroke-dasharray=\"0,10000\"\/> <\/svg>\n<img src=\"https:\/\/activebase.store\/wp-content\/uploads\/2024\/04\/montage-activebase-2-1.png\" title=\"montage-activebase-2-1\" alt=\"montage-activebase-2-1\" srcset=\"https:\/\/activebase.store\/wp-content\/uploads\/2024\/04\/montage-activebase-2-1.png 761w, https:\/\/activebase.store\/wp-content\/uploads\/2024\/04\/montage-activebase-2-1-300x281.png 300w, https:\/\/activebase.store\/wp-content\/uploads\/2024\/04\/montage-activebase-2-1-600x563.png 600w\" sizes=\"(max-width: 761px) 100vw, 761px\" \/>\n<h5 style=\"text-align: center;\"><b>\u00c9TAPE 1<\/b><\/h5> <p style=\"text-align: center;\">D\u00e9visser la balle d'appui de la tige (C)<\/p>\n<img src=\"https:\/\/activebase.store\/wp-content\/uploads\/2024\/04\/montage-activebase-1-2.png\" title=\"montage-activebase-1-2\" alt=\"montage-activebase-1-2\" srcset=\"https:\/\/activebase.store\/wp-content\/uploads\/2024\/04\/montage-activebase-1-2.png 761w, https:\/\/activebase.store\/wp-content\/uploads\/2024\/04\/montage-activebase-1-2-300x281.png 300w, https:\/\/activebase.store\/wp-content\/uploads\/2024\/04\/montage-activebase-1-2-600x563.png 600w\" sizes=\"(max-width: 761px) 100vw, 761px\" \/>\n<h5 style=\"text-align: center;\"><b>\u00c9TAPE 2<\/b><\/h5> <p style=\"text-align: center;\">Visser\u00a0 la tige (C) sur le c\u00f4ne inf\u00e9rieur (B)<\/p>\n<img src=\"https:\/\/activebase.store\/wp-content\/uploads\/2024\/04\/montage-activebase-1-3.png\" title=\"montage-activebase-1-3\" alt=\"montage-activebase-1-3\" srcset=\"https:\/\/activebase.store\/wp-content\/uploads\/2024\/04\/montage-activebase-1-3.png 761w, https:\/\/activebase.store\/wp-content\/uploads\/2024\/04\/montage-activebase-1-3-300x281.png 300w, https:\/\/activebase.store\/wp-content\/uploads\/2024\/04\/montage-activebase-1-3-600x563.png 600w\" sizes=\"(max-width: 761px) 100vw, 761px\" \/>\n<h5 style=\"text-align: center;\"><b>\u00c9TAPE 3<\/b><\/h5> <p style=\"text-align: center;\">Revisser la balle d'appui dans la tige (C)<\/p>\n<img src=\"https:\/\/activebase.store\/wp-content\/uploads\/2024\/04\/montage-activebase-1-4.png\" title=\"montage-activebase-1-4\" alt=\"montage-activebase-1-4\" srcset=\"https:\/\/activebase.store\/wp-content\/uploads\/2024\/04\/montage-activebase-1-4.png 761w, https:\/\/activebase.store\/wp-content\/uploads\/2024\/04\/montage-activebase-1-4-300x281.png 300w, https:\/\/activebase.store\/wp-content\/uploads\/2024\/04\/montage-activebase-1-4-600x563.png 600w\" sizes=\"(max-width: 761px) 100vw, 761px\" \/>\n<h5 style=\"text-align: center;\"><b>\u00c9TAPE 4<\/b><\/h5> <p>Visser la rotule sup\u00e9rieure de la tige (C) dans l'assise (D), gr\u00e2ce \u00e0 la cl\u00e9 fournie (A)<\/p>\n<img src=\"https:\/\/activebase.store\/wp-content\/uploads\/2024\/04\/montage-activebase-1-5.png\" title=\"montage-activebase-1-5\" alt=\"montage-activebase-1-5\" srcset=\"https:\/\/activebase.store\/wp-content\/uploads\/2024\/04\/montage-activebase-1-5.png 761w, https:\/\/activebase.store\/wp-content\/uploads\/2024\/04\/montage-activebase-1-5-300x281.png 300w, https:\/\/activebase.store\/wp-content\/uploads\/2024\/04\/montage-activebase-1-5-600x563.png 600w\" sizes=\"(max-width: 761px) 100vw, 761px\" \/>\n<h5 style=\"text-align: center;\"><b>\u00c9TAPE 5<\/b><\/h5> <p>Placer la housse de confort (E) sur l\u2019assise (D) en \u00e9tirant les bords \u00e9lastiques.\u00a0 C'est fini !<\/p>\n<p>Il ne vous reste plus qu'\u00e0 effectuer le r\u00e9glage de hauteur en ajustant l'assise afin qu'elle soit au somme de vos genoux, puis essayer des diff\u00e9rents r\u00e9glages de mobilit\u00e9. Voir page\u00a0<a href=\"https:\/\/activebase.store\/prise-en-main\/#reglages\">R\u00c9GLAGES<\/a><\/p>","_links":{"self":[{"href":"https:\/\/activebase.store\/it\/wp-json\/wp\/v2\/pages\/69376","targetHints":{"allow":["GET"]}}],"collection":[{"href":"https:\/\/activebase.store\/it\/wp-json\/wp\/v2\/pages"}],"about":[{"href":"https:\/\/activebase.store\/it\/wp-json\/wp\/v2\/types\/page"}],"author":[{"embeddable":true,"href":"https:\/\/activebase.store\/it\/wp-json\/wp\/v2\/users\/15"}],"replies":[{"embeddable":true,"href":"https:\/\/activebase.store\/it\/wp-json\/wp\/v2\/comments?post=69376"}],"version-history":[{"count":0,"href":"https:\/\/activebase.store\/it\/wp-json\/wp\/v2\/pages\/69376\/revisions"}],"wp:attachment":[{"href":"https:\/\/activebase.store\/it\/wp-json\/wp\/v2\/media?parent=69376"}],"curies":[{"name":"wp","href":"https:\/\/api.w.org\/{rel}","templated":true}]}}