{"id":33439,"date":"2019-09-09T07:38:27","date_gmt":"2019-09-09T05:38:27","guid":{"rendered":"https:\/\/dev.activebase.store\/?post_type=product&#038;p=33439"},"modified":"2026-03-31T02:55:48","modified_gmt":"2026-03-31T00:55:48","slug":"sgabello-top-cone-activebase","status":"publish","type":"product","link":"https:\/\/activebase.store\/it\/produit\/cone-superieur-tabouret-activebase\/","title":{"rendered":"03 - Cono superiore"},"content":{"rendered":"<p>Cono di ricambio per lo sgabello dinamico ActiveBase (parte n. 3).<\/p>\n<p><strong>INFORMAZIONI AGGIUNTIVE:<br \/>\n<\/strong>Peso: 0,150 kg<br \/>\nDimensioni: 15 \u00d7 10 \u00d7 7 cm<\/p>","protected":false},"excerpt":{"rendered":"<p><strong>Mod\u00e8le pi\u00e8ce d\u00e9tach\u00e9e&nbsp;:<\/strong> cono superiore, parte n. 3<\/p>","protected":false},"featured_media":66069,"comment_status":"closed","ping_status":"closed","template":"","meta":{"_acf_changed":false,"_monsterinsights_skip_tracking":false,"_monsterinsights_sitenote_active":false,"_monsterinsights_sitenote_note":"","_monsterinsights_sitenote_category":0},"product_brand":[],"product_cat":[32],"product_tag":[],"class_list":{"0":"post-33439","1":"product","2":"type-product","3":"status-publish","4":"has-post-thumbnail","6":"product_cat-pieces-detachees","7":"product_shipping_class-access","8":"has-post-title","9":"has-post-date","10":"has-post-category","11":"has-post-tag","12":"has-post-comment","13":"has-post-author","14":"","16":"first","17":"instock","18":"taxable","19":"shipping-taxable","20":"purchasable","21":"product-type-simple"},"acf":[],"builder_content":"","_links":{"self":[{"href":"https:\/\/activebase.store\/it\/wp-json\/wp\/v2\/product\/33439","targetHints":{"allow":["GET"]}}],"collection":[{"href":"https:\/\/activebase.store\/it\/wp-json\/wp\/v2\/product"}],"about":[{"href":"https:\/\/activebase.store\/it\/wp-json\/wp\/v2\/types\/product"}],"replies":[{"embeddable":true,"href":"https:\/\/activebase.store\/it\/wp-json\/wp\/v2\/comments?post=33439"}],"wp:featuredmedia":[{"embeddable":true,"href":"https:\/\/activebase.store\/it\/wp-json\/wp\/v2\/media\/66069"}],"wp:attachment":[{"href":"https:\/\/activebase.store\/it\/wp-json\/wp\/v2\/media?parent=33439"}],"wp:term":[{"taxonomy":"product_brand","embeddable":true,"href":"https:\/\/activebase.store\/it\/wp-json\/wp\/v2\/product_brand?post=33439"},{"taxonomy":"product_cat","embeddable":true,"href":"https:\/\/activebase.store\/it\/wp-json\/wp\/v2\/product_cat?post=33439"},{"taxonomy":"product_tag","embeddable":true,"href":"https:\/\/activebase.store\/it\/wp-json\/wp\/v2\/product_tag?post=33439"}],"curies":[{"name":"wp","href":"https:\/\/api.w.org\/{rel}","templated":true}]}}