{"id":33447,"date":"2019-09-09T07:53:51","date_gmt":"2019-09-09T05:53:51","guid":{"rendered":"https:\/\/dev.activebase.store\/?post_type=product&#038;p=33447"},"modified":"2026-03-31T02:55:48","modified_gmt":"2026-03-31T00:55:48","slug":"sgabello-ergonomico-con-giunto-a-sfera-activebase","status":"publish","type":"product","link":"https:\/\/activebase.store\/it\/produit\/rotule-tabouret-ergonomique-activebase\/","title":{"rendered":"02 - Giunto sferico"},"content":{"rendered":"<p>Giunto sferico di ricambio per lo sgabello dinamico ActiveBase (parte n. 2).<\/p>\n<p><strong>INFORMAZIONI AGGIUNTIVE:<br \/>\n<\/strong>Peso: 0,220 kg<br \/>\nDimensioni: 15 \u00d7 10 \u00d7 7 cm<\/p>","protected":false},"excerpt":{"rendered":"<p style=\"margin-bottom: 16px;\"><strong>Mod\u00e8le pi\u00e8ce d\u00e9tach\u00e9e&nbsp;:<\/strong> giunto sferico, parte n\u00b02<\/p>","protected":false},"featured_media":66070,"comment_status":"closed","ping_status":"closed","template":"","meta":{"_acf_changed":false,"_monsterinsights_skip_tracking":false,"_monsterinsights_sitenote_active":false,"_monsterinsights_sitenote_note":"","_monsterinsights_sitenote_category":0},"product_brand":[],"product_cat":[32],"product_tag":[31],"class_list":{"0":"post-33447","1":"product","2":"type-product","3":"status-publish","4":"has-post-thumbnail","6":"product_cat-pieces-detachees","7":"product_tag-assise","8":"product_shipping_class-access","9":"has-post-title","10":"has-post-date","11":"has-post-category","12":"has-post-tag","13":"has-post-comment","14":"has-post-author","15":"","17":"first","18":"instock","19":"taxable","20":"shipping-taxable","21":"purchasable","22":"product-type-simple"},"acf":[],"builder_content":"","_links":{"self":[{"href":"https:\/\/activebase.store\/it\/wp-json\/wp\/v2\/product\/33447","targetHints":{"allow":["GET"]}}],"collection":[{"href":"https:\/\/activebase.store\/it\/wp-json\/wp\/v2\/product"}],"about":[{"href":"https:\/\/activebase.store\/it\/wp-json\/wp\/v2\/types\/product"}],"replies":[{"embeddable":true,"href":"https:\/\/activebase.store\/it\/wp-json\/wp\/v2\/comments?post=33447"}],"wp:featuredmedia":[{"embeddable":true,"href":"https:\/\/activebase.store\/it\/wp-json\/wp\/v2\/media\/66070"}],"wp:attachment":[{"href":"https:\/\/activebase.store\/it\/wp-json\/wp\/v2\/media?parent=33447"}],"wp:term":[{"taxonomy":"product_brand","embeddable":true,"href":"https:\/\/activebase.store\/it\/wp-json\/wp\/v2\/product_brand?post=33447"},{"taxonomy":"product_cat","embeddable":true,"href":"https:\/\/activebase.store\/it\/wp-json\/wp\/v2\/product_cat?post=33447"},{"taxonomy":"product_tag","embeddable":true,"href":"https:\/\/activebase.store\/it\/wp-json\/wp\/v2\/product_tag?post=33447"}],"curies":[{"name":"wp","href":"https:\/\/api.w.org\/{rel}","templated":true}]}}